{"id":39,"date":"2018-03-28T11:05:42","date_gmt":"2018-03-28T11:05:42","guid":{"rendered":"https:\/\/booksal.com\/?page_id=39"},"modified":"2022-02-21T15:49:08","modified_gmt":"2022-02-21T15:49:08","slug":"rreth-nesh","status":"publish","type":"page","link":"https:\/\/booksal.com\/index.php\/rreth-nesh\/","title":{"rendered":"Rreth nesh"},"content":{"rendered":"<div class=\"wpb-content-wrapper\"><p>[vc_row][vc_column width=&#8221;1\/2&#8243;][vc_single_image image=&#8221;770&#8243; img_size=&#8221;full&#8221; alignment=&#8221;center&#8221; style=&#8221;vc_box_shadow_3d&#8221; image_hovers=&#8221;false&#8221;][\/vc_column][vc_column width=&#8221;1\/2&#8243;][vc_column_text]<\/p>\n<p style=\"text-align: justify;\">Sht\u00ebpia botuese &#8220;Fan Noli&#8221; \u00ebsht\u00eb sht\u00ebpia e par\u00eb botuese private n\u00eb Shqip\u00ebri e krijuar n\u00eb maj 1991\u00a0 si edhe nj\u00eb nga botuesit m\u00eb t\u00eb m\u00ebdhenj n\u00eb Shqip\u00ebri, me pozita udh\u00ebheq\u00ebse n\u00eb tregun e librave shqiptar\u00eb. Ne prodhojm\u00eb pothuajse t\u00eb gjitha zhanret e librave p\u00ebr nj\u00eb audienc\u00eb t\u00eb gjer\u00eb.<br \/>\nParimi baz\u00eb i pun\u00ebs son\u00eb siguron lexuesin me p\u00ebrzgjedhjen m\u00eb t\u00eb madhe t\u00eb mundshme t\u00eb literatur\u00ebs relevante p\u00ebr interesat e tij personale dhe profesionale. Ne vazhdimisht ua prezantojm\u00eb lexuesve tan\u00eb librave t\u00eb rinj, zbulojm\u00eb emra dhe vepra t\u00eb reja dhe deri n\u00eb k\u00ebt\u00eb moment kemi publikuar m\u00eb shum\u00eb se 2000 tituj.<br \/>\nLibrat e botuar nga ne, kan\u00eb fituar vendet m\u00eb t\u00eb mira n\u00eb garat letrare dhe \u00e7mime prestigjioze letrare; ne publikojm\u00eb pothuajse t\u00eb gjith\u00eb klasik\u00ebt e huaj dhe autor\u00ebt shqiptar\u00eb. Sht\u00ebpia botuese &#8220;Fan Noli&#8221; bashk\u00ebpunon me agjencit\u00eb e m\u00ebdha letrare\u00a0letrare &#8211; ne jemi gjithmon\u00eb t\u00eb informuar p\u00ebr bot\u00ebn e trendeve letrare, n\u00eb m\u00ebnyr\u00eb q\u00eb t&#8217;i ndajm\u00eb ato me lexuesin.<\/p>\n<p>[\/vc_column_text][\/vc_column][\/vc_row][vc_row][vc_column width=&#8221;1\/2&#8243;][vc_row_inner][vc_column_inner width=&#8221;1\/2&#8243;][vc_single_image image=&#8221;748&#8243; img_size=&#8221;full&#8221; alignment=&#8221;center&#8221; style=&#8221;vc_box_shadow_3d&#8221; image_hovers=&#8221;false&#8221;][\/vc_column_inner][vc_column_inner width=&#8221;1\/2&#8243;][vc_single_image image=&#8221;753&#8243; img_size=&#8221;260X320&#8243; alignment=&#8221;center&#8221; style=&#8221;vc_box_shadow_3d&#8221; image_hovers=&#8221;false&#8221;][\/vc_column_inner][\/vc_row_inner][\/vc_column][vc_column width=&#8221;1\/2&#8243;][vc_column_text]<\/p>\n<p style=\"text-align: justify;\">N\u00eb portofolin ton\u00eb gjenden emrat m\u00eb t\u00eb m\u00ebdhenj t\u00eb bot\u00ebs s\u00eb let\u00ebrsis\u00eb, fituesit e \u00e7mimeve letrare, shkrimtar\u00ebt m\u00eb t\u00eb njohur dhe t\u00eb mod\u00ebs, yjet e medias, aktor\u00ebt, prezantuesit televiziv\u00eb dhe gazetar\u00ebt, politikan\u00ebt dhe figurat publike. Midis tyre p\u00ebrmendim: M. Proust, J.P. Sartre, A. Camus, F. Kafka, E. Remarque, J. Galsworthy, D. \u00c7eliku, A. S. Pushkin, F. Dostojevski, Ch. Dickens, M. Yan, T. Dreiser, A. Verbeke, S. Zweig S. Freud, CG Jung, E. Fromm, F. Nietzsche, M. Horkheimer, M. Weber, L. Wittgenstein, A. Adler, Konfuci, Osho, G. Le Bon, AP Chekhov, J. Austen, O. Kemal, AH Tanpinar, RN Guntekin, M. Levy, A. Tunch, E. Vahapoglu etj.<br \/>\nMes autor\u00ebve shqiptar\u00eb ne publikojm\u00eb vepra nga: A. Puto, A. Mero, N. Cabej, J. De Rada, Sh. Bali, S. Limani, E. Shallvari, Th. Naqo, I. Beqiri, V. Peshkepia, A.Kolea etj.<\/p>\n<p>[\/vc_column_text][\/vc_column][\/vc_row][vc_row][vc_column width=&#8221;1\/2&#8243;][vc_single_image image=&#8221;743&#8243; img_size=&#8221;full&#8221; alignment=&#8221;center&#8221; style=&#8221;vc_box_shadow_3d&#8221; image_hovers=&#8221;false&#8221;][\/vc_column][vc_column width=&#8221;1\/2&#8243;][vc_column_text]Sot Sht\u00ebpia Botuese &#8220;Fan Noli&#8221;<br \/>\n&#8211; Ka ekip t\u00eb fort\u00eb editorial;<br \/>\n&#8211; Publikon let\u00ebrsi inteligjente dhe arg\u00ebtuese;<br \/>\n&#8211; Trendet m\u00eb t\u00eb fundit n\u00eb tregun e librit;<br \/>\n&#8211; Ruajtja e trash\u00ebgimis\u00eb intelektuale t\u00eb bot\u00ebs;<br \/>\n&#8211; Bestseller\u00ebt e bot\u00ebs;<br \/>\n\u00c7do vit ne publikojm\u00eb m\u00eb shum\u00eb se 100 libra t\u00eb rinj.<\/p>\n<p>Ne jemi gjithmon\u00eb duke punuar p\u00ebr lexuesit tan\u00eb dhe jemi t\u00eb p\u00ebrkushtuar q\u00eb t&#8217;ju ofrojm\u00eb vet\u00ebm librat m\u00eb t\u00eb mir\u00eb t\u00eb zhanreve dhe stileve t\u00eb ndryshme[\/vc_column_text][\/vc_column][\/vc_row]<\/p>\n<\/div>","protected":false},"excerpt":{"rendered":"<p>[vc_row][vc_column width=&#8221;1\/2&#8243;][vc_single_image image=&#8221;770&#8243; img_size=&#8221;full&#8221; alignment=&#8221;center&#8221; style=&#8221;vc_box_shadow_3d&#8221; image_hovers=&#8221;false&#8221;][\/vc_column][vc_column width=&#8221;1\/2&#8243;][vc_column_text] Sht\u00ebpia botuese &#8220;Fan Noli&#8221; \u00ebsht\u00eb sht\u00ebpia e par\u00eb botuese private n\u00eb Shqip\u00ebri e krijuar n\u00eb maj 1991\u00a0 si edhe nj\u00eb nga botuesit m\u00eb t\u00eb m\u00ebdhenj n\u00eb Shqip\u00ebri, me pozita udh\u00ebheq\u00ebse n\u00eb tregun e librave shqiptar\u00eb. Ne prodhojm\u00eb pothuajse t\u00eb gjitha zhanret e librave p\u00ebr nj\u00eb audienc\u00eb t\u00eb&hellip;<\/p>\n","protected":false},"author":3,"featured_media":0,"parent":0,"menu_order":0,"comment_status":"closed","ping_status":"closed","template":"","meta":{"footnotes":""},"class_list":["post-39","page","type-page","status-publish","hentry","description-off"],"yoast_head":"<!-- This site is optimized with the Yoast SEO plugin v26.7 - https:\/\/yoast.com\/wordpress\/plugins\/seo\/ -->\n<title>Rreth nesh - BOOKSAL Publishing House Fan Noli - publishing house in albania , shtepi botuese ne shqiperi , shtepia botuese fan Noli , Rexhep Hida<\/title>\n<meta name=\"robots\" content=\"index, follow, max-snippet:-1, max-image-preview:large, max-video-preview:-1\" \/>\n<link rel=\"canonical\" href=\"https:\/\/booksal.com\/index.php\/rreth-nesh\/\" \/>\n<meta property=\"og:locale\" content=\"sq_AL\" \/>\n<meta property=\"og:type\" content=\"article\" \/>\n<meta property=\"og:title\" content=\"Rreth nesh - BOOKSAL Publishing House Fan Noli - publishing house in albania , shtepi botuese ne shqiperi , shtepia botuese fan Noli , Rexhep Hida\" \/>\n<meta property=\"og:description\" content=\"[vc_row][vc_column width=&#8221;1\/2&#8243;][vc_single_image image=&#8221;770&#8243; img_size=&#8221;full&#8221; alignment=&#8221;center&#8221; style=&#8221;vc_box_shadow_3d&#8221; image_hovers=&#8221;false&#8221;][\/vc_column][vc_column width=&#8221;1\/2&#8243;][vc_column_text] Sht\u00ebpia botuese &#8220;Fan Noli&#8221; \u00ebsht\u00eb sht\u00ebpia e par\u00eb botuese private n\u00eb Shqip\u00ebri e krijuar n\u00eb maj 1991\u00a0 si edhe nj\u00eb nga botuesit m\u00eb t\u00eb m\u00ebdhenj n\u00eb Shqip\u00ebri, me pozita udh\u00ebheq\u00ebse n\u00eb tregun e librave shqiptar\u00eb. Ne prodhojm\u00eb pothuajse t\u00eb gjitha zhanret e librave p\u00ebr nj\u00eb audienc\u00eb t\u00eb&hellip;\" \/>\n<meta property=\"og:url\" content=\"https:\/\/booksal.com\/index.php\/rreth-nesh\/\" \/>\n<meta property=\"og:site_name\" content=\"BOOKSAL Publishing House Fan Noli - publishing house in albania , shtepi botuese ne shqiperi , shtepia botuese fan Noli , Rexhep Hida\" \/>\n<meta property=\"article:modified_time\" content=\"2022-02-21T15:49:08+00:00\" \/>\n<meta name=\"twitter:card\" content=\"summary_large_image\" \/>\n<meta name=\"twitter:label1\" content=\"Est. reading time\" \/>\n\t<meta name=\"twitter:data1\" content=\"3 minuta\" \/>\n<script type=\"application\/ld+json\" class=\"yoast-schema-graph\">{\"@context\":\"https:\/\/schema.org\",\"@graph\":[{\"@type\":\"WebPage\",\"@id\":\"https:\/\/booksal.com\/index.php\/rreth-nesh\/\",\"url\":\"https:\/\/booksal.com\/index.php\/rreth-nesh\/\",\"name\":\"Rreth nesh - BOOKSAL Publishing House Fan Noli - publishing house in albania , shtepi botuese ne shqiperi , shtepia botuese fan Noli , Rexhep Hida\",\"isPartOf\":{\"@id\":\"https:\/\/booksal.com\/#website\"},\"datePublished\":\"2018-03-28T11:05:42+00:00\",\"dateModified\":\"2022-02-21T15:49:08+00:00\",\"breadcrumb\":{\"@id\":\"https:\/\/booksal.com\/index.php\/rreth-nesh\/#breadcrumb\"},\"inLanguage\":\"sq\",\"potentialAction\":[{\"@type\":\"ReadAction\",\"target\":[\"https:\/\/booksal.com\/index.php\/rreth-nesh\/\"]}]},{\"@type\":\"BreadcrumbList\",\"@id\":\"https:\/\/booksal.com\/index.php\/rreth-nesh\/#breadcrumb\",\"itemListElement\":[{\"@type\":\"ListItem\",\"position\":1,\"name\":\"Home\",\"item\":\"https:\/\/booksal.com\/\"},{\"@type\":\"ListItem\",\"position\":2,\"name\":\"Rreth nesh\"}]},{\"@type\":\"WebSite\",\"@id\":\"https:\/\/booksal.com\/#website\",\"url\":\"https:\/\/booksal.com\/\",\"name\":\"BOOKSAL Publishing House Fan Noli - publishing house in albania , shtepi botuese ne shqiperi , shtepia botuese fan Noli , Rexhep Hida\",\"description\":\"Publishing House Fan Noli - publishing house in albania , shtepi botuese ne shqiperi , shtepia botuese Fan Noli , Rexhep Hida\",\"potentialAction\":[{\"@type\":\"SearchAction\",\"target\":{\"@type\":\"EntryPoint\",\"urlTemplate\":\"https:\/\/booksal.com\/?s={search_term_string}\"},\"query-input\":{\"@type\":\"PropertyValueSpecification\",\"valueRequired\":true,\"valueName\":\"search_term_string\"}}],\"inLanguage\":\"sq\"}]}<\/script>\n<!-- \/ Yoast SEO plugin. -->","yoast_head_json":{"title":"Rreth nesh - BOOKSAL Publishing House Fan Noli - publishing house in albania , shtepi botuese ne shqiperi , shtepia botuese fan Noli , Rexhep Hida","robots":{"index":"index","follow":"follow","max-snippet":"max-snippet:-1","max-image-preview":"max-image-preview:large","max-video-preview":"max-video-preview:-1"},"canonical":"https:\/\/booksal.com\/index.php\/rreth-nesh\/","og_locale":"sq_AL","og_type":"article","og_title":"Rreth nesh - BOOKSAL Publishing House Fan Noli - publishing house in albania , shtepi botuese ne shqiperi , shtepia botuese fan Noli , Rexhep Hida","og_description":"[vc_row][vc_column width=&#8221;1\/2&#8243;][vc_single_image image=&#8221;770&#8243; img_size=&#8221;full&#8221; alignment=&#8221;center&#8221; style=&#8221;vc_box_shadow_3d&#8221; image_hovers=&#8221;false&#8221;][\/vc_column][vc_column width=&#8221;1\/2&#8243;][vc_column_text] Sht\u00ebpia botuese &#8220;Fan Noli&#8221; \u00ebsht\u00eb sht\u00ebpia e par\u00eb botuese private n\u00eb Shqip\u00ebri e krijuar n\u00eb maj 1991\u00a0 si edhe nj\u00eb nga botuesit m\u00eb t\u00eb m\u00ebdhenj n\u00eb Shqip\u00ebri, me pozita udh\u00ebheq\u00ebse n\u00eb tregun e librave shqiptar\u00eb. Ne prodhojm\u00eb pothuajse t\u00eb gjitha zhanret e librave p\u00ebr nj\u00eb audienc\u00eb t\u00eb&hellip;","og_url":"https:\/\/booksal.com\/index.php\/rreth-nesh\/","og_site_name":"BOOKSAL Publishing House Fan Noli - publishing house in albania , shtepi botuese ne shqiperi , shtepia botuese fan Noli , Rexhep Hida","article_modified_time":"2022-02-21T15:49:08+00:00","twitter_card":"summary_large_image","twitter_misc":{"Est. reading time":"3 minuta"},"schema":{"@context":"https:\/\/schema.org","@graph":[{"@type":"WebPage","@id":"https:\/\/booksal.com\/index.php\/rreth-nesh\/","url":"https:\/\/booksal.com\/index.php\/rreth-nesh\/","name":"Rreth nesh - BOOKSAL Publishing House Fan Noli - publishing house in albania , shtepi botuese ne shqiperi , shtepia botuese fan Noli , Rexhep Hida","isPartOf":{"@id":"https:\/\/booksal.com\/#website"},"datePublished":"2018-03-28T11:05:42+00:00","dateModified":"2022-02-21T15:49:08+00:00","breadcrumb":{"@id":"https:\/\/booksal.com\/index.php\/rreth-nesh\/#breadcrumb"},"inLanguage":"sq","potentialAction":[{"@type":"ReadAction","target":["https:\/\/booksal.com\/index.php\/rreth-nesh\/"]}]},{"@type":"BreadcrumbList","@id":"https:\/\/booksal.com\/index.php\/rreth-nesh\/#breadcrumb","itemListElement":[{"@type":"ListItem","position":1,"name":"Home","item":"https:\/\/booksal.com\/"},{"@type":"ListItem","position":2,"name":"Rreth nesh"}]},{"@type":"WebSite","@id":"https:\/\/booksal.com\/#website","url":"https:\/\/booksal.com\/","name":"BOOKSAL Publishing House Fan Noli - publishing house in albania , shtepi botuese ne shqiperi , shtepia botuese fan Noli , Rexhep Hida","description":"Publishing House Fan Noli - publishing house in albania , shtepi botuese ne shqiperi , shtepia botuese Fan Noli , Rexhep Hida","potentialAction":[{"@type":"SearchAction","target":{"@type":"EntryPoint","urlTemplate":"https:\/\/booksal.com\/?s={search_term_string}"},"query-input":{"@type":"PropertyValueSpecification","valueRequired":true,"valueName":"search_term_string"}}],"inLanguage":"sq"}]}},"_links":{"self":[{"href":"https:\/\/booksal.com\/index.php\/wp-json\/wp\/v2\/pages\/39","targetHints":{"allow":["GET"]}}],"collection":[{"href":"https:\/\/booksal.com\/index.php\/wp-json\/wp\/v2\/pages"}],"about":[{"href":"https:\/\/booksal.com\/index.php\/wp-json\/wp\/v2\/types\/page"}],"author":[{"embeddable":true,"href":"https:\/\/booksal.com\/index.php\/wp-json\/wp\/v2\/users\/3"}],"replies":[{"embeddable":true,"href":"https:\/\/booksal.com\/index.php\/wp-json\/wp\/v2\/comments?post=39"}],"version-history":[{"count":4,"href":"https:\/\/booksal.com\/index.php\/wp-json\/wp\/v2\/pages\/39\/revisions"}],"predecessor-version":[{"id":1929,"href":"https:\/\/booksal.com\/index.php\/wp-json\/wp\/v2\/pages\/39\/revisions\/1929"}],"wp:attachment":[{"href":"https:\/\/booksal.com\/index.php\/wp-json\/wp\/v2\/media?parent=39"}],"curies":[{"name":"wp","href":"https:\/\/api.w.org\/{rel}","templated":true}]}}