{"id":1994,"date":"2022-05-17T09:35:05","date_gmt":"2022-05-17T09:35:05","guid":{"rendered":"https:\/\/booksal.com\/?post_type=product&#038;p=1994"},"modified":"2022-05-17T09:36:54","modified_gmt":"2022-05-17T09:36:54","slug":"gusht-1914-vellimi-2","status":"publish","type":"product","link":"https:\/\/booksal.com\/index.php\/product\/gusht-1914-vellimi-2\/","title":{"rendered":"Gusht 1914 V\u00ebllimi 2"},"content":{"rendered":"<p>Ciklit t\u00eb famsh\u00ebm dhjet\u00ebv\u00ebllimesh \u201cRrota e kuqe\u201d, i kushtoi nj\u00ebzet vjet jet\u00eb (1971-1991). Mbi baz\u00ebn e nj\u00eb dokumentacioni shum\u00eb t\u00eb pasur analizojen shkaqet e fitores s\u00eb revolucionit n\u00eb Rusi, dob\u00ebsia e pushtetit carist, degradimi i fes\u00eb dhe radikalizmi shoq\u00ebror.<\/p>\n<p>Rusia ndodhej buz\u00eb humner\u00ebs: digjeshin \u00e7ifligje, shp\u00ebrthenin bomba, rebeloheshin nj\u00ebsi ushtarake, vepronin gjykata ushtarake lokale&#8230; por duhej par\u00eb tutje, drejt s\u00eb ardhmes p\u00ebr t\u00eb ecur p\u00ebrpara&#8230; p\u00ebrmes nj\u00eb sistemi reformash t\u00eb menduara mir\u00eb. Duke i nd\u00ebrprer\u00eb turbullirat me forc\u00eb fizike, qeveria nd\u00ebrkoh\u00eb synonte t\u00eb vinte n\u00eb veprim dhe ta rip\u00ebrt\u00ebrinte forc\u00ebn morale, sidomos n\u00eb drejtim t\u00eb reform\u00ebs s\u00eb tok\u00ebs. Brezat e ardhsh\u00ebm do t\u00eb na k\u00ebrkojn\u00eb llogari. Ne do t\u00eb p\u00ebrgjigjemi para tyre p\u00ebrse kemi r\u00ebn\u00eb shpirt\u00ebrisht, p\u00ebrse kemi kaluar n\u00eb pasivitet dhe n\u00eb nj\u00ebfar\u00eb dob\u00ebsie prej pleqsh, duke humbur besimin ndaj popullit rus. Nyja e fatit rus ndodhej n\u00eb fshat. Shteti nuk duhej kuruar duke filluar nga shoq\u00ebria e lart\u00eb, ku kishte degjenerim dhe infeksion, ku n\u00ebpun\u00ebsit ishin p\u00ebrfshir\u00eb n\u00eb rutin\u00ebn e sh\u00ebrbimit, ku \u00e7ifligar\u00ebt b\u00ebnin jet\u00eb t\u00eb shthurur dhe mungonte detyrimi. &#8230;Para s\u00eb gjithash shteti duhej t\u00eb kishte k\u00ebmb\u00eb t\u00eb forta, prandaj sh\u00ebrimi duhej filluar nga k\u00ebmb\u00ebt&#8230; nga fshatar\u00ebsia. Asnj\u00eb zhvillim i sh\u00ebndosh\u00eb nuk mund t\u00eb kryhej ve\u00e7se n\u00ebp\u00ebrmjet fshatit.<\/p>\n","protected":false},"excerpt":{"rendered":"<p><strong>Titulli<\/strong> : Gusht 1914\u00a0V\u00ebllimi 2<br \/>\n<strong>Autori<\/strong>:\u00a0Aleksand\u00ebr Sollzhenjicin<br \/>\n<strong>Botuesi<\/strong> : Fan Noli<br \/>\n<strong>ISBN<\/strong> :\u00a0\u00a0978-9928-251-28-5<br \/>\n<strong>P\u00ebrkthyesi<\/strong> :\u00a0Nikolla Sudar<\/p>\n","protected":false},"featured_media":1995,"template":"","meta":[],"product_brand":[],"product_cat":[23],"product_tag":[],"class_list":{"0":"post-1994","1":"product","2":"type-product","3":"status-publish","4":"has-post-thumbnail","6":"product_cat-letersiartistike","7":"description-off","9":"first","10":"instock","11":"shipping-taxable","12":"product-type-simple"},"yoast_head":"<!-- This site is optimized with the Yoast SEO plugin v26.7 - https:\/\/yoast.com\/wordpress\/plugins\/seo\/ -->\n<title>Gusht 1914 V\u00ebllimi 2 - BOOKSAL Publishing House Fan Noli - publishing house in albania , shtepi botuese ne shqiperi , shtepia botuese fan Noli , Rexhep Hida<\/title>\n<meta name=\"robots\" content=\"index, follow, max-snippet:-1, max-image-preview:large, max-video-preview:-1\" \/>\n<link rel=\"canonical\" href=\"https:\/\/booksal.com\/index.php\/product\/gusht-1914-vellimi-2\/\" \/>\n<meta property=\"og:locale\" content=\"sq_AL\" \/>\n<meta property=\"og:type\" content=\"article\" \/>\n<meta property=\"og:title\" content=\"Gusht 1914 V\u00ebllimi 2 - BOOKSAL Publishing House Fan Noli - publishing house in albania , shtepi botuese ne shqiperi , shtepia botuese fan Noli , Rexhep Hida\" \/>\n<meta property=\"og:description\" content=\"Titulli : Gusht 1914\u00a0V\u00ebllimi 2 Autori:\u00a0Aleksand\u00ebr Sollzhenjicin Botuesi : Fan Noli ISBN :\u00a0\u00a0978-9928-251-28-5 P\u00ebrkthyesi :\u00a0Nikolla Sudar\" \/>\n<meta property=\"og:url\" content=\"https:\/\/booksal.com\/index.php\/product\/gusht-1914-vellimi-2\/\" \/>\n<meta property=\"og:site_name\" content=\"BOOKSAL Publishing House Fan Noli - publishing house in albania , shtepi botuese ne shqiperi , shtepia botuese fan Noli , Rexhep Hida\" \/>\n<meta property=\"article:modified_time\" content=\"2022-05-17T09:36:54+00:00\" \/>\n<meta property=\"og:image\" content=\"https:\/\/booksal.com\/wp-content\/uploads\/2022\/05\/WhatsApp-Image-2022-05-17-at-11.30.17-AM.jpeg\" \/>\n\t<meta property=\"og:image:width\" content=\"1016\" \/>\n\t<meta property=\"og:image:height\" content=\"1270\" \/>\n\t<meta property=\"og:image:type\" content=\"image\/jpeg\" \/>\n<meta name=\"twitter:card\" content=\"summary_large_image\" \/>\n<meta name=\"twitter:label1\" content=\"Est. reading time\" \/>\n\t<meta name=\"twitter:data1\" content=\"1 minut\u00eb\" \/>\n<script type=\"application\/ld+json\" class=\"yoast-schema-graph\">{\"@context\":\"https:\/\/schema.org\",\"@graph\":[{\"@type\":\"WebPage\",\"@id\":\"https:\/\/booksal.com\/index.php\/product\/gusht-1914-vellimi-2\/\",\"url\":\"https:\/\/booksal.com\/index.php\/product\/gusht-1914-vellimi-2\/\",\"name\":\"Gusht 1914 V\u00ebllimi 2 - BOOKSAL Publishing House Fan Noli - publishing house in albania , shtepi botuese ne shqiperi , shtepia botuese fan Noli , Rexhep Hida\",\"isPartOf\":{\"@id\":\"https:\/\/booksal.com\/#website\"},\"primaryImageOfPage\":{\"@id\":\"https:\/\/booksal.com\/index.php\/product\/gusht-1914-vellimi-2\/#primaryimage\"},\"image\":{\"@id\":\"https:\/\/booksal.com\/index.php\/product\/gusht-1914-vellimi-2\/#primaryimage\"},\"thumbnailUrl\":\"https:\/\/booksal.com\/wp-content\/uploads\/2022\/05\/WhatsApp-Image-2022-05-17-at-11.30.17-AM.jpeg\",\"datePublished\":\"2022-05-17T09:35:05+00:00\",\"dateModified\":\"2022-05-17T09:36:54+00:00\",\"breadcrumb\":{\"@id\":\"https:\/\/booksal.com\/index.php\/product\/gusht-1914-vellimi-2\/#breadcrumb\"},\"inLanguage\":\"sq\",\"potentialAction\":[{\"@type\":\"ReadAction\",\"target\":[\"https:\/\/booksal.com\/index.php\/product\/gusht-1914-vellimi-2\/\"]}]},{\"@type\":\"ImageObject\",\"inLanguage\":\"sq\",\"@id\":\"https:\/\/booksal.com\/index.php\/product\/gusht-1914-vellimi-2\/#primaryimage\",\"url\":\"https:\/\/booksal.com\/wp-content\/uploads\/2022\/05\/WhatsApp-Image-2022-05-17-at-11.30.17-AM.jpeg\",\"contentUrl\":\"https:\/\/booksal.com\/wp-content\/uploads\/2022\/05\/WhatsApp-Image-2022-05-17-at-11.30.17-AM.jpeg\",\"width\":1016,\"height\":1270},{\"@type\":\"BreadcrumbList\",\"@id\":\"https:\/\/booksal.com\/index.php\/product\/gusht-1914-vellimi-2\/#breadcrumb\",\"itemListElement\":[{\"@type\":\"ListItem\",\"position\":1,\"name\":\"Home\",\"item\":\"https:\/\/booksal.com\/\"},{\"@type\":\"ListItem\",\"position\":2,\"name\":\"Shop\",\"item\":\"https:\/\/booksal.com\/index.php\/shop\/?lang=en\"},{\"@type\":\"ListItem\",\"position\":3,\"name\":\"Gusht 1914 V\u00ebllimi 2\"}]},{\"@type\":\"WebSite\",\"@id\":\"https:\/\/booksal.com\/#website\",\"url\":\"https:\/\/booksal.com\/\",\"name\":\"BOOKSAL Publishing House Fan Noli - publishing house in albania , shtepi botuese ne shqiperi , shtepia botuese fan Noli , Rexhep Hida\",\"description\":\"Publishing House Fan Noli - publishing house in albania , shtepi botuese ne shqiperi , shtepia botuese Fan Noli , Rexhep Hida\",\"potentialAction\":[{\"@type\":\"SearchAction\",\"target\":{\"@type\":\"EntryPoint\",\"urlTemplate\":\"https:\/\/booksal.com\/?s={search_term_string}\"},\"query-input\":{\"@type\":\"PropertyValueSpecification\",\"valueRequired\":true,\"valueName\":\"search_term_string\"}}],\"inLanguage\":\"sq\"}]}<\/script>\n<!-- \/ Yoast SEO plugin. -->","yoast_head_json":{"title":"Gusht 1914 V\u00ebllimi 2 - BOOKSAL Publishing House Fan Noli - publishing house in albania , shtepi botuese ne shqiperi , shtepia botuese fan Noli , Rexhep Hida","robots":{"index":"index","follow":"follow","max-snippet":"max-snippet:-1","max-image-preview":"max-image-preview:large","max-video-preview":"max-video-preview:-1"},"canonical":"https:\/\/booksal.com\/index.php\/product\/gusht-1914-vellimi-2\/","og_locale":"sq_AL","og_type":"article","og_title":"Gusht 1914 V\u00ebllimi 2 - BOOKSAL Publishing House Fan Noli - publishing house in albania , shtepi botuese ne shqiperi , shtepia botuese fan Noli , Rexhep Hida","og_description":"Titulli : Gusht 1914\u00a0V\u00ebllimi 2 Autori:\u00a0Aleksand\u00ebr Sollzhenjicin Botuesi : Fan Noli ISBN :\u00a0\u00a0978-9928-251-28-5 P\u00ebrkthyesi :\u00a0Nikolla Sudar","og_url":"https:\/\/booksal.com\/index.php\/product\/gusht-1914-vellimi-2\/","og_site_name":"BOOKSAL Publishing House Fan Noli - publishing house in albania , shtepi botuese ne shqiperi , shtepia botuese fan Noli , Rexhep Hida","article_modified_time":"2022-05-17T09:36:54+00:00","og_image":[{"width":1016,"height":1270,"url":"https:\/\/booksal.com\/wp-content\/uploads\/2022\/05\/WhatsApp-Image-2022-05-17-at-11.30.17-AM.jpeg","type":"image\/jpeg"}],"twitter_card":"summary_large_image","twitter_misc":{"Est. reading time":"1 minut\u00eb"},"schema":{"@context":"https:\/\/schema.org","@graph":[{"@type":"WebPage","@id":"https:\/\/booksal.com\/index.php\/product\/gusht-1914-vellimi-2\/","url":"https:\/\/booksal.com\/index.php\/product\/gusht-1914-vellimi-2\/","name":"Gusht 1914 V\u00ebllimi 2 - BOOKSAL Publishing House Fan Noli - publishing house in albania , shtepi botuese ne shqiperi , shtepia botuese fan Noli , Rexhep Hida","isPartOf":{"@id":"https:\/\/booksal.com\/#website"},"primaryImageOfPage":{"@id":"https:\/\/booksal.com\/index.php\/product\/gusht-1914-vellimi-2\/#primaryimage"},"image":{"@id":"https:\/\/booksal.com\/index.php\/product\/gusht-1914-vellimi-2\/#primaryimage"},"thumbnailUrl":"https:\/\/booksal.com\/wp-content\/uploads\/2022\/05\/WhatsApp-Image-2022-05-17-at-11.30.17-AM.jpeg","datePublished":"2022-05-17T09:35:05+00:00","dateModified":"2022-05-17T09:36:54+00:00","breadcrumb":{"@id":"https:\/\/booksal.com\/index.php\/product\/gusht-1914-vellimi-2\/#breadcrumb"},"inLanguage":"sq","potentialAction":[{"@type":"ReadAction","target":["https:\/\/booksal.com\/index.php\/product\/gusht-1914-vellimi-2\/"]}]},{"@type":"ImageObject","inLanguage":"sq","@id":"https:\/\/booksal.com\/index.php\/product\/gusht-1914-vellimi-2\/#primaryimage","url":"https:\/\/booksal.com\/wp-content\/uploads\/2022\/05\/WhatsApp-Image-2022-05-17-at-11.30.17-AM.jpeg","contentUrl":"https:\/\/booksal.com\/wp-content\/uploads\/2022\/05\/WhatsApp-Image-2022-05-17-at-11.30.17-AM.jpeg","width":1016,"height":1270},{"@type":"BreadcrumbList","@id":"https:\/\/booksal.com\/index.php\/product\/gusht-1914-vellimi-2\/#breadcrumb","itemListElement":[{"@type":"ListItem","position":1,"name":"Home","item":"https:\/\/booksal.com\/"},{"@type":"ListItem","position":2,"name":"Shop","item":"https:\/\/booksal.com\/index.php\/shop\/?lang=en"},{"@type":"ListItem","position":3,"name":"Gusht 1914 V\u00ebllimi 2"}]},{"@type":"WebSite","@id":"https:\/\/booksal.com\/#website","url":"https:\/\/booksal.com\/","name":"BOOKSAL Publishing House Fan Noli - publishing house in albania , shtepi botuese ne shqiperi , shtepia botuese fan Noli , Rexhep Hida","description":"Publishing House Fan Noli - publishing house in albania , shtepi botuese ne shqiperi , shtepia botuese Fan Noli , Rexhep Hida","potentialAction":[{"@type":"SearchAction","target":{"@type":"EntryPoint","urlTemplate":"https:\/\/booksal.com\/?s={search_term_string}"},"query-input":{"@type":"PropertyValueSpecification","valueRequired":true,"valueName":"search_term_string"}}],"inLanguage":"sq"}]}},"_links":{"self":[{"href":"https:\/\/booksal.com\/index.php\/wp-json\/wp\/v2\/product\/1994","targetHints":{"allow":["GET"]}}],"collection":[{"href":"https:\/\/booksal.com\/index.php\/wp-json\/wp\/v2\/product"}],"about":[{"href":"https:\/\/booksal.com\/index.php\/wp-json\/wp\/v2\/types\/product"}],"wp:featuredmedia":[{"embeddable":true,"href":"https:\/\/booksal.com\/index.php\/wp-json\/wp\/v2\/media\/1995"}],"wp:attachment":[{"href":"https:\/\/booksal.com\/index.php\/wp-json\/wp\/v2\/media?parent=1994"}],"wp:term":[{"taxonomy":"product_brand","embeddable":true,"href":"https:\/\/booksal.com\/index.php\/wp-json\/wp\/v2\/product_brand?post=1994"},{"taxonomy":"product_cat","embeddable":true,"href":"https:\/\/booksal.com\/index.php\/wp-json\/wp\/v2\/product_cat?post=1994"},{"taxonomy":"product_tag","embeddable":true,"href":"https:\/\/booksal.com\/index.php\/wp-json\/wp\/v2\/product_tag?post=1994"}],"curies":[{"name":"wp","href":"https:\/\/api.w.org\/{rel}","templated":true}]}}