{"id":1998,"date":"2022-06-20T10:00:55","date_gmt":"2022-06-20T10:00:55","guid":{"rendered":"https:\/\/booksal.com\/?post_type=product&#038;p=1998"},"modified":"2022-06-20T10:03:10","modified_gmt":"2022-06-20T10:03:10","slug":"studime-dhe-dokumente-mbi-periudhen-e-sulltan-mehmedit-ii","status":"publish","type":"product","link":"https:\/\/booksal.com\/index.php\/product\/studime-dhe-dokumente-mbi-periudhen-e-sulltan-mehmedit-ii\/","title":{"rendered":"Studime dhe dokumente mbi periudh\u00ebn e Sulltan Mehmedit II"},"content":{"rendered":"<p>Megjith\u00ebse shumica e popullat\u00ebs s\u00eb Stambollit e refuzonin me mllef nj\u00eb hegjemoni latine, nuk ishte nj\u00eb mund\u00ebsi e larg\u00ebt q\u00eb kjo gj\u00eb t\u00eb b\u00ebhej p\u00ebrmes nj\u00eb nd\u00ebrhyrjeje t\u00eb dhunshme. P\u00ebr m\u00eb tep\u00ebr, nuk mungonin as emra si Alfonsi V, i cili p\u00ebrfytyronte nj\u00eb ringjallje t\u00eb nj\u00eb perandorie latine n\u00eb Stamboll. N\u00eb nj\u00eb fjalim q\u00eb i atribuon Sulltan Mehmedit II, Kristobuli hedh mendimin se dor\u00ebzimi i Stambollit tek per\u00ebndimor\u00ebt, t\u00eb cil\u00ebt ushtarakisht ishin shum\u00eb her\u00eb m\u00eb t\u00eb fuqish\u00ebm se osman\u00ebt, p\u00ebrb\u00ebnte nj\u00eb rrezik t\u00eb madh p\u00ebr k\u00ebta t\u00eb fundit. N\u00eb k\u00ebt\u00eb m\u00ebnyr\u00eb marrja e Stambollit nuk p\u00ebrb\u00ebnte nj\u00eb \u00e7\u00ebshtje jetike vet\u00ebm p\u00ebr sulltanatin e Mehmedit II por p\u00ebr vet\u00eb shtetin osman. N\u00eb t\u00eb v\u00ebrtet\u00eb, rreziku q\u00eb vinte nga Per\u00ebndimi ishte thyer n\u00eb koh\u00ebn e Muradit II p\u00ebrmes fitoreve q\u00eb u arrit\u00ebn n\u00eb betejat e Varn\u00ebs dhe t\u00eb Kosov\u00ebs, duke e b\u00ebr\u00eb t\u00eb realizuesh\u00ebm nj\u00eb marrje t\u00eb mundshme t\u00eb Stambollit. Sulltan Mehmedi \u00ebsht\u00eb sundimtari i fundit osman q\u00eb e ka p\u00ebrjetuar tragjikisht k\u00ebt\u00eb \u00e7\u00ebshtje jetike t\u00eb shtetit osman duke e par\u00eb at\u00eb si di\u00e7ka tejet me r\u00ebnd\u00ebsi edhe p\u00ebr vet\u00eb t\u00eb ardhmen e tij. P\u00ebr k\u00ebt\u00eb, ai do t\u00eb p\u00ebrpiqet ta zgjidh\u00eb problemin duke e prer\u00eb nyj\u00ebn me shpat\u00eb.<\/p>\n","protected":false},"excerpt":{"rendered":"<p><strong>Titulli<\/strong> :\u00a0Studime dhe dokumente mbi periudh\u00ebn e Sulltan Mehmedit II<br \/>\n<strong>Autori<\/strong>: Halil Inalcik<br \/>\n<strong>Botuesi<\/strong> : Fan Noli<br \/>\n<strong>ISBN<\/strong> :\u00a0\u00a0978-9928-342-53-9<br \/>\n<strong>P\u00ebrkthyesi<\/strong> : Eduart Caka<\/p>\n","protected":false},"featured_media":1999,"template":"","meta":[],"product_brand":[],"product_cat":[23],"product_tag":[],"class_list":{"0":"post-1998","1":"product","2":"type-product","3":"status-publish","4":"has-post-thumbnail","6":"product_cat-letersiartistike","7":"description-off","9":"first","10":"instock","11":"shipping-taxable","12":"product-type-simple"},"yoast_head":"<!-- This site is optimized with the Yoast SEO plugin v26.7 - https:\/\/yoast.com\/wordpress\/plugins\/seo\/ -->\n<title>Studime dhe dokumente mbi periudh\u00ebn e Sulltan Mehmedit II - BOOKSAL Publishing House Fan Noli - publishing house in albania , shtepi botuese ne shqiperi , shtepia botuese fan Noli , Rexhep Hida<\/title>\n<meta name=\"robots\" content=\"index, follow, max-snippet:-1, max-image-preview:large, max-video-preview:-1\" \/>\n<link rel=\"canonical\" href=\"https:\/\/booksal.com\/index.php\/product\/studime-dhe-dokumente-mbi-periudhen-e-sulltan-mehmedit-ii\/\" \/>\n<meta property=\"og:locale\" content=\"sq_AL\" \/>\n<meta property=\"og:type\" content=\"article\" \/>\n<meta property=\"og:title\" content=\"Studime dhe dokumente mbi periudh\u00ebn e Sulltan Mehmedit II - BOOKSAL Publishing House Fan Noli - publishing house in albania , shtepi botuese ne shqiperi , shtepia botuese fan Noli , Rexhep Hida\" \/>\n<meta property=\"og:description\" content=\"Titulli :\u00a0Studime dhe dokumente mbi periudh\u00ebn e Sulltan Mehmedit II Autori: Halil Inalcik Botuesi : Fan Noli ISBN :\u00a0\u00a0978-9928-342-53-9 P\u00ebrkthyesi : Eduart Caka\" \/>\n<meta property=\"og:url\" content=\"https:\/\/booksal.com\/index.php\/product\/studime-dhe-dokumente-mbi-periudhen-e-sulltan-mehmedit-ii\/\" \/>\n<meta property=\"og:site_name\" content=\"BOOKSAL Publishing House Fan Noli - publishing house in albania , shtepi botuese ne shqiperi , shtepia botuese fan Noli , Rexhep Hida\" \/>\n<meta property=\"article:modified_time\" content=\"2022-06-20T10:03:10+00:00\" \/>\n<meta property=\"og:image\" content=\"https:\/\/booksal.com\/wp-content\/uploads\/2022\/06\/WhatsApp-Image-2022-06-20-at-11.59.49-AM.jpeg\" \/>\n\t<meta property=\"og:image:width\" content=\"880\" \/>\n\t<meta property=\"og:image:height\" content=\"880\" \/>\n\t<meta property=\"og:image:type\" content=\"image\/jpeg\" \/>\n<meta name=\"twitter:card\" content=\"summary_large_image\" \/>\n<meta name=\"twitter:label1\" content=\"Est. reading time\" \/>\n\t<meta name=\"twitter:data1\" content=\"1 minut\u00eb\" \/>\n<script type=\"application\/ld+json\" class=\"yoast-schema-graph\">{\"@context\":\"https:\/\/schema.org\",\"@graph\":[{\"@type\":\"WebPage\",\"@id\":\"https:\/\/booksal.com\/index.php\/product\/studime-dhe-dokumente-mbi-periudhen-e-sulltan-mehmedit-ii\/\",\"url\":\"https:\/\/booksal.com\/index.php\/product\/studime-dhe-dokumente-mbi-periudhen-e-sulltan-mehmedit-ii\/\",\"name\":\"Studime dhe dokumente mbi periudh\u00ebn e Sulltan Mehmedit II - BOOKSAL Publishing House Fan Noli - publishing house in albania , shtepi botuese ne shqiperi , shtepia botuese fan Noli , Rexhep Hida\",\"isPartOf\":{\"@id\":\"https:\/\/booksal.com\/#website\"},\"primaryImageOfPage\":{\"@id\":\"https:\/\/booksal.com\/index.php\/product\/studime-dhe-dokumente-mbi-periudhen-e-sulltan-mehmedit-ii\/#primaryimage\"},\"image\":{\"@id\":\"https:\/\/booksal.com\/index.php\/product\/studime-dhe-dokumente-mbi-periudhen-e-sulltan-mehmedit-ii\/#primaryimage\"},\"thumbnailUrl\":\"https:\/\/booksal.com\/wp-content\/uploads\/2022\/06\/WhatsApp-Image-2022-06-20-at-11.59.49-AM.jpeg\",\"datePublished\":\"2022-06-20T10:00:55+00:00\",\"dateModified\":\"2022-06-20T10:03:10+00:00\",\"breadcrumb\":{\"@id\":\"https:\/\/booksal.com\/index.php\/product\/studime-dhe-dokumente-mbi-periudhen-e-sulltan-mehmedit-ii\/#breadcrumb\"},\"inLanguage\":\"sq\",\"potentialAction\":[{\"@type\":\"ReadAction\",\"target\":[\"https:\/\/booksal.com\/index.php\/product\/studime-dhe-dokumente-mbi-periudhen-e-sulltan-mehmedit-ii\/\"]}]},{\"@type\":\"ImageObject\",\"inLanguage\":\"sq\",\"@id\":\"https:\/\/booksal.com\/index.php\/product\/studime-dhe-dokumente-mbi-periudhen-e-sulltan-mehmedit-ii\/#primaryimage\",\"url\":\"https:\/\/booksal.com\/wp-content\/uploads\/2022\/06\/WhatsApp-Image-2022-06-20-at-11.59.49-AM.jpeg\",\"contentUrl\":\"https:\/\/booksal.com\/wp-content\/uploads\/2022\/06\/WhatsApp-Image-2022-06-20-at-11.59.49-AM.jpeg\",\"width\":880,\"height\":880},{\"@type\":\"BreadcrumbList\",\"@id\":\"https:\/\/booksal.com\/index.php\/product\/studime-dhe-dokumente-mbi-periudhen-e-sulltan-mehmedit-ii\/#breadcrumb\",\"itemListElement\":[{\"@type\":\"ListItem\",\"position\":1,\"name\":\"Home\",\"item\":\"https:\/\/booksal.com\/\"},{\"@type\":\"ListItem\",\"position\":2,\"name\":\"Shop\",\"item\":\"https:\/\/booksal.com\/index.php\/shop\/?lang=en\"},{\"@type\":\"ListItem\",\"position\":3,\"name\":\"Studime dhe dokumente mbi periudh\u00ebn e Sulltan Mehmedit II\"}]},{\"@type\":\"WebSite\",\"@id\":\"https:\/\/booksal.com\/#website\",\"url\":\"https:\/\/booksal.com\/\",\"name\":\"BOOKSAL Publishing House Fan Noli - publishing house in albania , shtepi botuese ne shqiperi , shtepia botuese fan Noli , Rexhep Hida\",\"description\":\"Publishing House Fan Noli - publishing house in albania , shtepi botuese ne shqiperi , shtepia botuese Fan Noli , Rexhep Hida\",\"potentialAction\":[{\"@type\":\"SearchAction\",\"target\":{\"@type\":\"EntryPoint\",\"urlTemplate\":\"https:\/\/booksal.com\/?s={search_term_string}\"},\"query-input\":{\"@type\":\"PropertyValueSpecification\",\"valueRequired\":true,\"valueName\":\"search_term_string\"}}],\"inLanguage\":\"sq\"}]}<\/script>\n<!-- \/ Yoast SEO plugin. -->","yoast_head_json":{"title":"Studime dhe dokumente mbi periudh\u00ebn e Sulltan Mehmedit II - BOOKSAL Publishing House Fan Noli - publishing house in albania , shtepi botuese ne shqiperi , shtepia botuese fan Noli , Rexhep Hida","robots":{"index":"index","follow":"follow","max-snippet":"max-snippet:-1","max-image-preview":"max-image-preview:large","max-video-preview":"max-video-preview:-1"},"canonical":"https:\/\/booksal.com\/index.php\/product\/studime-dhe-dokumente-mbi-periudhen-e-sulltan-mehmedit-ii\/","og_locale":"sq_AL","og_type":"article","og_title":"Studime dhe dokumente mbi periudh\u00ebn e Sulltan Mehmedit II - BOOKSAL Publishing House Fan Noli - publishing house in albania , shtepi botuese ne shqiperi , shtepia botuese fan Noli , Rexhep Hida","og_description":"Titulli :\u00a0Studime dhe dokumente mbi periudh\u00ebn e Sulltan Mehmedit II Autori: Halil Inalcik Botuesi : Fan Noli ISBN :\u00a0\u00a0978-9928-342-53-9 P\u00ebrkthyesi : Eduart Caka","og_url":"https:\/\/booksal.com\/index.php\/product\/studime-dhe-dokumente-mbi-periudhen-e-sulltan-mehmedit-ii\/","og_site_name":"BOOKSAL Publishing House Fan Noli - publishing house in albania , shtepi botuese ne shqiperi , shtepia botuese fan Noli , Rexhep Hida","article_modified_time":"2022-06-20T10:03:10+00:00","og_image":[{"width":880,"height":880,"url":"https:\/\/booksal.com\/wp-content\/uploads\/2022\/06\/WhatsApp-Image-2022-06-20-at-11.59.49-AM.jpeg","type":"image\/jpeg"}],"twitter_card":"summary_large_image","twitter_misc":{"Est. reading time":"1 minut\u00eb"},"schema":{"@context":"https:\/\/schema.org","@graph":[{"@type":"WebPage","@id":"https:\/\/booksal.com\/index.php\/product\/studime-dhe-dokumente-mbi-periudhen-e-sulltan-mehmedit-ii\/","url":"https:\/\/booksal.com\/index.php\/product\/studime-dhe-dokumente-mbi-periudhen-e-sulltan-mehmedit-ii\/","name":"Studime dhe dokumente mbi periudh\u00ebn e Sulltan Mehmedit II - BOOKSAL Publishing House Fan Noli - publishing house in albania , shtepi botuese ne shqiperi , shtepia botuese fan Noli , Rexhep Hida","isPartOf":{"@id":"https:\/\/booksal.com\/#website"},"primaryImageOfPage":{"@id":"https:\/\/booksal.com\/index.php\/product\/studime-dhe-dokumente-mbi-periudhen-e-sulltan-mehmedit-ii\/#primaryimage"},"image":{"@id":"https:\/\/booksal.com\/index.php\/product\/studime-dhe-dokumente-mbi-periudhen-e-sulltan-mehmedit-ii\/#primaryimage"},"thumbnailUrl":"https:\/\/booksal.com\/wp-content\/uploads\/2022\/06\/WhatsApp-Image-2022-06-20-at-11.59.49-AM.jpeg","datePublished":"2022-06-20T10:00:55+00:00","dateModified":"2022-06-20T10:03:10+00:00","breadcrumb":{"@id":"https:\/\/booksal.com\/index.php\/product\/studime-dhe-dokumente-mbi-periudhen-e-sulltan-mehmedit-ii\/#breadcrumb"},"inLanguage":"sq","potentialAction":[{"@type":"ReadAction","target":["https:\/\/booksal.com\/index.php\/product\/studime-dhe-dokumente-mbi-periudhen-e-sulltan-mehmedit-ii\/"]}]},{"@type":"ImageObject","inLanguage":"sq","@id":"https:\/\/booksal.com\/index.php\/product\/studime-dhe-dokumente-mbi-periudhen-e-sulltan-mehmedit-ii\/#primaryimage","url":"https:\/\/booksal.com\/wp-content\/uploads\/2022\/06\/WhatsApp-Image-2022-06-20-at-11.59.49-AM.jpeg","contentUrl":"https:\/\/booksal.com\/wp-content\/uploads\/2022\/06\/WhatsApp-Image-2022-06-20-at-11.59.49-AM.jpeg","width":880,"height":880},{"@type":"BreadcrumbList","@id":"https:\/\/booksal.com\/index.php\/product\/studime-dhe-dokumente-mbi-periudhen-e-sulltan-mehmedit-ii\/#breadcrumb","itemListElement":[{"@type":"ListItem","position":1,"name":"Home","item":"https:\/\/booksal.com\/"},{"@type":"ListItem","position":2,"name":"Shop","item":"https:\/\/booksal.com\/index.php\/shop\/?lang=en"},{"@type":"ListItem","position":3,"name":"Studime dhe dokumente mbi periudh\u00ebn e Sulltan Mehmedit II"}]},{"@type":"WebSite","@id":"https:\/\/booksal.com\/#website","url":"https:\/\/booksal.com\/","name":"BOOKSAL Publishing House Fan Noli - publishing house in albania , shtepi botuese ne shqiperi , shtepia botuese fan Noli , Rexhep Hida","description":"Publishing House Fan Noli - publishing house in albania , shtepi botuese ne shqiperi , shtepia botuese Fan Noli , Rexhep Hida","potentialAction":[{"@type":"SearchAction","target":{"@type":"EntryPoint","urlTemplate":"https:\/\/booksal.com\/?s={search_term_string}"},"query-input":{"@type":"PropertyValueSpecification","valueRequired":true,"valueName":"search_term_string"}}],"inLanguage":"sq"}]}},"_links":{"self":[{"href":"https:\/\/booksal.com\/index.php\/wp-json\/wp\/v2\/product\/1998","targetHints":{"allow":["GET"]}}],"collection":[{"href":"https:\/\/booksal.com\/index.php\/wp-json\/wp\/v2\/product"}],"about":[{"href":"https:\/\/booksal.com\/index.php\/wp-json\/wp\/v2\/types\/product"}],"wp:featuredmedia":[{"embeddable":true,"href":"https:\/\/booksal.com\/index.php\/wp-json\/wp\/v2\/media\/1999"}],"wp:attachment":[{"href":"https:\/\/booksal.com\/index.php\/wp-json\/wp\/v2\/media?parent=1998"}],"wp:term":[{"taxonomy":"product_brand","embeddable":true,"href":"https:\/\/booksal.com\/index.php\/wp-json\/wp\/v2\/product_brand?post=1998"},{"taxonomy":"product_cat","embeddable":true,"href":"https:\/\/booksal.com\/index.php\/wp-json\/wp\/v2\/product_cat?post=1998"},{"taxonomy":"product_tag","embeddable":true,"href":"https:\/\/booksal.com\/index.php\/wp-json\/wp\/v2\/product_tag?post=1998"}],"curies":[{"name":"wp","href":"https:\/\/api.w.org\/{rel}","templated":true}]}}