{"id":2002,"date":"2022-06-30T19:57:50","date_gmt":"2022-06-30T19:57:50","guid":{"rendered":"https:\/\/booksal.com\/?post_type=product&#038;p=2002"},"modified":"2022-06-30T20:00:36","modified_gmt":"2022-06-30T20:00:36","slug":"kina-sot-mrekullia-ekonomike","status":"publish","type":"product","link":"https:\/\/booksal.com\/index.php\/product\/kina-sot-mrekullia-ekonomike\/","title":{"rendered":"Kina Sot &#8211; Mrekullia Ekonomike"},"content":{"rendered":"<p>Thelbi i qeverisjes s\u00eb vendit duhet t\u00eb qendroj\u00eb n\u00eb financat. Ndertimi ekonomik eshte themeli q\u00eb siguron bazen materiale p\u00ebr kauz\u00ebn e socializmit me ka lek\u00ebrakteristika kineze n\u00eb epok\u00ebn e re.<\/p>\n","protected":false},"excerpt":{"rendered":"<p><strong>Titulli<\/strong> :\u00a0Kina Sot &#8211; Mrekullia Ekonomike<br \/>\n<strong>Autori<\/strong>:\u00a0Zhu Jiangang, Yan Xiaofeng<br \/>\n<strong>Botuesi<\/strong> : Fan Noli<br \/>\n<strong>ISBN<\/strong> :\u00a0\u00a0978-9928-342-51-5<br \/>\n<strong>P\u00ebrkthyesi<\/strong> :\u00a0Binghua He, Yue Feng<\/p>\n","protected":false},"featured_media":2003,"template":"","meta":[],"product_brand":[],"product_cat":[23],"product_tag":[],"class_list":{"0":"post-2002","1":"product","2":"type-product","3":"status-publish","4":"has-post-thumbnail","6":"product_cat-letersiartistike","7":"description-off","9":"first","10":"instock","11":"shipping-taxable","12":"product-type-simple"},"yoast_head":"<!-- This site is optimized with the Yoast SEO plugin v26.7 - https:\/\/yoast.com\/wordpress\/plugins\/seo\/ -->\n<title>Kina Sot - Mrekullia Ekonomike - BOOKSAL Publishing House Fan Noli - publishing house in albania , shtepi botuese ne shqiperi , shtepia botuese fan Noli , Rexhep Hida<\/title>\n<meta name=\"robots\" content=\"index, follow, max-snippet:-1, max-image-preview:large, max-video-preview:-1\" \/>\n<link rel=\"canonical\" href=\"https:\/\/booksal.com\/index.php\/product\/kina-sot-mrekullia-ekonomike\/\" \/>\n<meta property=\"og:locale\" content=\"sq_AL\" \/>\n<meta property=\"og:type\" content=\"article\" \/>\n<meta property=\"og:title\" content=\"Kina Sot - Mrekullia Ekonomike - BOOKSAL Publishing House Fan Noli - publishing house in albania , shtepi botuese ne shqiperi , shtepia botuese fan Noli , Rexhep Hida\" \/>\n<meta property=\"og:description\" content=\"Titulli :\u00a0Kina Sot - Mrekullia Ekonomike Autori:\u00a0Zhu Jiangang, Yan Xiaofeng Botuesi : Fan Noli ISBN :\u00a0\u00a0978-9928-342-51-5 P\u00ebrkthyesi :\u00a0Binghua He, Yue Feng\" \/>\n<meta property=\"og:url\" content=\"https:\/\/booksal.com\/index.php\/product\/kina-sot-mrekullia-ekonomike\/\" \/>\n<meta property=\"og:site_name\" content=\"BOOKSAL Publishing House Fan Noli - publishing house in albania , shtepi botuese ne shqiperi , shtepia botuese fan Noli , Rexhep Hida\" \/>\n<meta property=\"article:modified_time\" content=\"2022-06-30T20:00:36+00:00\" \/>\n<meta property=\"og:image\" content=\"https:\/\/booksal.com\/wp-content\/uploads\/2022\/06\/WhatsApp-Image-2022-06-30-at-1.02.31-PM.jpeg\" \/>\n\t<meta property=\"og:image:width\" content=\"1280\" \/>\n\t<meta property=\"og:image:height\" content=\"1280\" \/>\n\t<meta property=\"og:image:type\" content=\"image\/jpeg\" \/>\n<meta name=\"twitter:card\" content=\"summary_large_image\" \/>\n<script type=\"application\/ld+json\" class=\"yoast-schema-graph\">{\"@context\":\"https:\/\/schema.org\",\"@graph\":[{\"@type\":\"WebPage\",\"@id\":\"https:\/\/booksal.com\/index.php\/product\/kina-sot-mrekullia-ekonomike\/\",\"url\":\"https:\/\/booksal.com\/index.php\/product\/kina-sot-mrekullia-ekonomike\/\",\"name\":\"Kina Sot - Mrekullia Ekonomike - BOOKSAL Publishing House Fan Noli - publishing house in albania , shtepi botuese ne shqiperi , shtepia botuese fan Noli , Rexhep Hida\",\"isPartOf\":{\"@id\":\"https:\/\/booksal.com\/#website\"},\"primaryImageOfPage\":{\"@id\":\"https:\/\/booksal.com\/index.php\/product\/kina-sot-mrekullia-ekonomike\/#primaryimage\"},\"image\":{\"@id\":\"https:\/\/booksal.com\/index.php\/product\/kina-sot-mrekullia-ekonomike\/#primaryimage\"},\"thumbnailUrl\":\"https:\/\/booksal.com\/wp-content\/uploads\/2022\/06\/WhatsApp-Image-2022-06-30-at-1.02.31-PM.jpeg\",\"datePublished\":\"2022-06-30T19:57:50+00:00\",\"dateModified\":\"2022-06-30T20:00:36+00:00\",\"breadcrumb\":{\"@id\":\"https:\/\/booksal.com\/index.php\/product\/kina-sot-mrekullia-ekonomike\/#breadcrumb\"},\"inLanguage\":\"sq\",\"potentialAction\":[{\"@type\":\"ReadAction\",\"target\":[\"https:\/\/booksal.com\/index.php\/product\/kina-sot-mrekullia-ekonomike\/\"]}]},{\"@type\":\"ImageObject\",\"inLanguage\":\"sq\",\"@id\":\"https:\/\/booksal.com\/index.php\/product\/kina-sot-mrekullia-ekonomike\/#primaryimage\",\"url\":\"https:\/\/booksal.com\/wp-content\/uploads\/2022\/06\/WhatsApp-Image-2022-06-30-at-1.02.31-PM.jpeg\",\"contentUrl\":\"https:\/\/booksal.com\/wp-content\/uploads\/2022\/06\/WhatsApp-Image-2022-06-30-at-1.02.31-PM.jpeg\",\"width\":1280,\"height\":1280},{\"@type\":\"BreadcrumbList\",\"@id\":\"https:\/\/booksal.com\/index.php\/product\/kina-sot-mrekullia-ekonomike\/#breadcrumb\",\"itemListElement\":[{\"@type\":\"ListItem\",\"position\":1,\"name\":\"Home\",\"item\":\"https:\/\/booksal.com\/\"},{\"@type\":\"ListItem\",\"position\":2,\"name\":\"Shop\",\"item\":\"https:\/\/booksal.com\/index.php\/shop\/?lang=en\"},{\"@type\":\"ListItem\",\"position\":3,\"name\":\"Kina Sot &#8211; Mrekullia Ekonomike\"}]},{\"@type\":\"WebSite\",\"@id\":\"https:\/\/booksal.com\/#website\",\"url\":\"https:\/\/booksal.com\/\",\"name\":\"BOOKSAL Publishing House Fan Noli - publishing house in albania , shtepi botuese ne shqiperi , shtepia botuese fan Noli , Rexhep Hida\",\"description\":\"Publishing House Fan Noli - publishing house in albania , shtepi botuese ne shqiperi , shtepia botuese Fan Noli , Rexhep Hida\",\"potentialAction\":[{\"@type\":\"SearchAction\",\"target\":{\"@type\":\"EntryPoint\",\"urlTemplate\":\"https:\/\/booksal.com\/?s={search_term_string}\"},\"query-input\":{\"@type\":\"PropertyValueSpecification\",\"valueRequired\":true,\"valueName\":\"search_term_string\"}}],\"inLanguage\":\"sq\"}]}<\/script>\n<!-- \/ Yoast SEO plugin. -->","yoast_head_json":{"title":"Kina Sot - Mrekullia Ekonomike - BOOKSAL Publishing House Fan Noli - publishing house in albania , shtepi botuese ne shqiperi , shtepia botuese fan Noli , Rexhep Hida","robots":{"index":"index","follow":"follow","max-snippet":"max-snippet:-1","max-image-preview":"max-image-preview:large","max-video-preview":"max-video-preview:-1"},"canonical":"https:\/\/booksal.com\/index.php\/product\/kina-sot-mrekullia-ekonomike\/","og_locale":"sq_AL","og_type":"article","og_title":"Kina Sot - Mrekullia Ekonomike - BOOKSAL Publishing House Fan Noli - publishing house in albania , shtepi botuese ne shqiperi , shtepia botuese fan Noli , Rexhep Hida","og_description":"Titulli :\u00a0Kina Sot - Mrekullia Ekonomike Autori:\u00a0Zhu Jiangang, Yan Xiaofeng Botuesi : Fan Noli ISBN :\u00a0\u00a0978-9928-342-51-5 P\u00ebrkthyesi :\u00a0Binghua He, Yue Feng","og_url":"https:\/\/booksal.com\/index.php\/product\/kina-sot-mrekullia-ekonomike\/","og_site_name":"BOOKSAL Publishing House Fan Noli - publishing house in albania , shtepi botuese ne shqiperi , shtepia botuese fan Noli , Rexhep Hida","article_modified_time":"2022-06-30T20:00:36+00:00","og_image":[{"width":1280,"height":1280,"url":"https:\/\/booksal.com\/wp-content\/uploads\/2022\/06\/WhatsApp-Image-2022-06-30-at-1.02.31-PM.jpeg","type":"image\/jpeg"}],"twitter_card":"summary_large_image","schema":{"@context":"https:\/\/schema.org","@graph":[{"@type":"WebPage","@id":"https:\/\/booksal.com\/index.php\/product\/kina-sot-mrekullia-ekonomike\/","url":"https:\/\/booksal.com\/index.php\/product\/kina-sot-mrekullia-ekonomike\/","name":"Kina Sot - Mrekullia Ekonomike - BOOKSAL Publishing House Fan Noli - publishing house in albania , shtepi botuese ne shqiperi , shtepia botuese fan Noli , Rexhep Hida","isPartOf":{"@id":"https:\/\/booksal.com\/#website"},"primaryImageOfPage":{"@id":"https:\/\/booksal.com\/index.php\/product\/kina-sot-mrekullia-ekonomike\/#primaryimage"},"image":{"@id":"https:\/\/booksal.com\/index.php\/product\/kina-sot-mrekullia-ekonomike\/#primaryimage"},"thumbnailUrl":"https:\/\/booksal.com\/wp-content\/uploads\/2022\/06\/WhatsApp-Image-2022-06-30-at-1.02.31-PM.jpeg","datePublished":"2022-06-30T19:57:50+00:00","dateModified":"2022-06-30T20:00:36+00:00","breadcrumb":{"@id":"https:\/\/booksal.com\/index.php\/product\/kina-sot-mrekullia-ekonomike\/#breadcrumb"},"inLanguage":"sq","potentialAction":[{"@type":"ReadAction","target":["https:\/\/booksal.com\/index.php\/product\/kina-sot-mrekullia-ekonomike\/"]}]},{"@type":"ImageObject","inLanguage":"sq","@id":"https:\/\/booksal.com\/index.php\/product\/kina-sot-mrekullia-ekonomike\/#primaryimage","url":"https:\/\/booksal.com\/wp-content\/uploads\/2022\/06\/WhatsApp-Image-2022-06-30-at-1.02.31-PM.jpeg","contentUrl":"https:\/\/booksal.com\/wp-content\/uploads\/2022\/06\/WhatsApp-Image-2022-06-30-at-1.02.31-PM.jpeg","width":1280,"height":1280},{"@type":"BreadcrumbList","@id":"https:\/\/booksal.com\/index.php\/product\/kina-sot-mrekullia-ekonomike\/#breadcrumb","itemListElement":[{"@type":"ListItem","position":1,"name":"Home","item":"https:\/\/booksal.com\/"},{"@type":"ListItem","position":2,"name":"Shop","item":"https:\/\/booksal.com\/index.php\/shop\/?lang=en"},{"@type":"ListItem","position":3,"name":"Kina Sot &#8211; Mrekullia Ekonomike"}]},{"@type":"WebSite","@id":"https:\/\/booksal.com\/#website","url":"https:\/\/booksal.com\/","name":"BOOKSAL Publishing House Fan Noli - publishing house in albania , shtepi botuese ne shqiperi , shtepia botuese fan Noli , Rexhep Hida","description":"Publishing House Fan Noli - publishing house in albania , shtepi botuese ne shqiperi , shtepia botuese Fan Noli , Rexhep Hida","potentialAction":[{"@type":"SearchAction","target":{"@type":"EntryPoint","urlTemplate":"https:\/\/booksal.com\/?s={search_term_string}"},"query-input":{"@type":"PropertyValueSpecification","valueRequired":true,"valueName":"search_term_string"}}],"inLanguage":"sq"}]}},"_links":{"self":[{"href":"https:\/\/booksal.com\/index.php\/wp-json\/wp\/v2\/product\/2002","targetHints":{"allow":["GET"]}}],"collection":[{"href":"https:\/\/booksal.com\/index.php\/wp-json\/wp\/v2\/product"}],"about":[{"href":"https:\/\/booksal.com\/index.php\/wp-json\/wp\/v2\/types\/product"}],"wp:featuredmedia":[{"embeddable":true,"href":"https:\/\/booksal.com\/index.php\/wp-json\/wp\/v2\/media\/2003"}],"wp:attachment":[{"href":"https:\/\/booksal.com\/index.php\/wp-json\/wp\/v2\/media?parent=2002"}],"wp:term":[{"taxonomy":"product_brand","embeddable":true,"href":"https:\/\/booksal.com\/index.php\/wp-json\/wp\/v2\/product_brand?post=2002"},{"taxonomy":"product_cat","embeddable":true,"href":"https:\/\/booksal.com\/index.php\/wp-json\/wp\/v2\/product_cat?post=2002"},{"taxonomy":"product_tag","embeddable":true,"href":"https:\/\/booksal.com\/index.php\/wp-json\/wp\/v2\/product_tag?post=2002"}],"curies":[{"name":"wp","href":"https:\/\/api.w.org\/{rel}","templated":true}]}}