{"id":2023,"date":"2023-09-30T07:39:48","date_gmt":"2023-09-30T07:39:48","guid":{"rendered":"https:\/\/booksal.com\/?post_type=product&#038;p=2023"},"modified":"2023-09-30T07:42:12","modified_gmt":"2023-09-30T07:42:12","slug":"loja-me-numrat","status":"publish","type":"product","link":"https:\/\/booksal.com\/index.php\/product\/loja-me-numrat\/","title":{"rendered":"Loja me numrat"},"content":{"rendered":"<p>Eileen Jackson ishte e k\u00ebnaqur q\u00eb t\u00eb linte m\u00ebnjan\u00eb \u00ebndrrat e saj p\u00ebr karrier\u00eb n\u00eb m\u00ebnyr\u00eb q\u00eb t\u00eb krijonte nj\u00eb familje me t\u00eb shoqin, Paulin. Por kur zbulon lidhjen e Paulit me nj\u00eb grua m\u00eb t\u00eb re, ajo fillon t\u00eb v\u00ebr\u00eb n\u00eb dyshim gjith\u00eb ato vite sakrificash dhe kompromisi. N\u00eb prag t\u00eb t\u00eb dyzetave, ajo ka frik\u00eb se \u00ebsht\u00eb tep\u00ebr von\u00eb p\u00ebr t&#8217;ia filluar nga e para. Nd\u00ebrkoh\u00eb, e dashura e Paulit, Olivia, po p\u00ebrpiqet t\u00eb gjej\u00eb vetveten, nd\u00ebrsa \u00ebsht\u00eb n\u00ebn hijen e s\u00eb \u00ebm\u00ebs, nj\u00eb aktore e famshme, dhe t\u00eb gjyshes, nj\u00eb artiste jasht\u00ebzakonisht e pavarur. Me dashurin\u00eb dhe mb\u00ebshtetjen e tyre, Olivia hedh nj\u00eb hap t\u00eb r\u00ebnd\u00ebsish\u00ebm profesional. Por ajo e kupton se ka ende shum\u00eb p\u00ebr t\u00eb m\u00ebsuar p\u00ebr veten para se t&#8217;ia kushtoj\u00eb jet\u00ebn dikujt tjet\u00ebr. N\u00eb fund, Eileen vendos t\u00eb ndjek\u00eb \u00ebndrrat e saj, mij\u00ebra kilometra larg, n\u00eb Paris. Ajo \u00e7ka e pret \u00ebsht\u00eb nj\u00eb aventur\u00eb q\u00eb i transformon jet\u00ebn. N\u00eb \u00e7do mosh\u00eb, ka sfida me t\u00eb cilat duhet t\u00eb p\u00ebrballemi dhe bot\u00eb t\u00eb reja p\u00ebr t\u00eb zbuluar. &#8220;Loja me numrat&#8221; \u00ebsht\u00eb nj\u00eb kujtes\u00eb se nuk \u00ebsht\u00eb kurr\u00eb von\u00eb p\u00ebr t\u00eb kthyer nj\u00eb faqe t\u00eb re dhe p\u00ebr t&#8217;ia nisur nga e para.<\/p>\n","protected":false},"excerpt":{"rendered":"<p><strong>Titulli<\/strong> :\u00a0Loja me numra<br \/>\n<strong>Autori<\/strong>:\u00a0Danielle Steel<br \/>\n<strong>Botuesi<\/strong> : Fan Noli<br \/>\n<strong>ISBN<\/strong> :\u00a0\u00a0978-9928-342-70-6<br \/>\n<strong>P\u00ebrkthyesi<\/strong> : Xhimi Lazri<\/p>\n","protected":false},"featured_media":2024,"template":"","meta":[],"product_brand":[],"product_cat":[23],"product_tag":[],"class_list":{"0":"post-2023","1":"product","2":"type-product","3":"status-publish","4":"has-post-thumbnail","6":"product_cat-letersiartistike","7":"description-off","9":"first","10":"instock","11":"shipping-taxable","12":"product-type-simple"},"yoast_head":"<!-- This site is optimized with the Yoast SEO plugin v26.7 - https:\/\/yoast.com\/wordpress\/plugins\/seo\/ -->\n<title>Loja me numrat - BOOKSAL Publishing House Fan Noli - publishing house in albania , shtepi botuese ne shqiperi , shtepia botuese fan Noli , Rexhep Hida<\/title>\n<meta name=\"robots\" content=\"index, follow, max-snippet:-1, max-image-preview:large, max-video-preview:-1\" \/>\n<link rel=\"canonical\" href=\"https:\/\/booksal.com\/index.php\/product\/loja-me-numrat\/\" \/>\n<meta property=\"og:locale\" content=\"sq_AL\" \/>\n<meta property=\"og:type\" content=\"article\" \/>\n<meta property=\"og:title\" content=\"Loja me numrat - BOOKSAL Publishing House Fan Noli - publishing house in albania , shtepi botuese ne shqiperi , shtepia botuese fan Noli , Rexhep Hida\" \/>\n<meta property=\"og:description\" content=\"Titulli :\u00a0Loja me numra Autori:\u00a0Danielle Steel Botuesi : Fan Noli ISBN :\u00a0\u00a0978-9928-342-70-6 P\u00ebrkthyesi : Xhimi Lazri\" \/>\n<meta property=\"og:url\" content=\"https:\/\/booksal.com\/index.php\/product\/loja-me-numrat\/\" \/>\n<meta property=\"og:site_name\" content=\"BOOKSAL Publishing House Fan Noli - publishing house in albania , shtepi botuese ne shqiperi , shtepia botuese fan Noli , Rexhep Hida\" \/>\n<meta property=\"article:modified_time\" content=\"2023-09-30T07:42:12+00:00\" \/>\n<meta property=\"og:image\" content=\"https:\/\/booksal.com\/wp-content\/uploads\/2023\/09\/WhatsApp-Image-2023-09-30-at-9.38.44-AM.jpeg\" \/>\n\t<meta property=\"og:image:width\" content=\"1270\" \/>\n\t<meta property=\"og:image:height\" content=\"1270\" \/>\n\t<meta property=\"og:image:type\" content=\"image\/jpeg\" \/>\n<meta name=\"twitter:card\" content=\"summary_large_image\" \/>\n<meta name=\"twitter:label1\" content=\"Est. reading time\" \/>\n\t<meta name=\"twitter:data1\" content=\"1 minut\u00eb\" \/>\n<script type=\"application\/ld+json\" class=\"yoast-schema-graph\">{\"@context\":\"https:\/\/schema.org\",\"@graph\":[{\"@type\":\"WebPage\",\"@id\":\"https:\/\/booksal.com\/index.php\/product\/loja-me-numrat\/\",\"url\":\"https:\/\/booksal.com\/index.php\/product\/loja-me-numrat\/\",\"name\":\"Loja me numrat - BOOKSAL Publishing House Fan Noli - publishing house in albania , shtepi botuese ne shqiperi , shtepia botuese fan Noli , Rexhep Hida\",\"isPartOf\":{\"@id\":\"https:\/\/booksal.com\/#website\"},\"primaryImageOfPage\":{\"@id\":\"https:\/\/booksal.com\/index.php\/product\/loja-me-numrat\/#primaryimage\"},\"image\":{\"@id\":\"https:\/\/booksal.com\/index.php\/product\/loja-me-numrat\/#primaryimage\"},\"thumbnailUrl\":\"https:\/\/booksal.com\/wp-content\/uploads\/2023\/09\/WhatsApp-Image-2023-09-30-at-9.38.44-AM.jpeg\",\"datePublished\":\"2023-09-30T07:39:48+00:00\",\"dateModified\":\"2023-09-30T07:42:12+00:00\",\"breadcrumb\":{\"@id\":\"https:\/\/booksal.com\/index.php\/product\/loja-me-numrat\/#breadcrumb\"},\"inLanguage\":\"sq\",\"potentialAction\":[{\"@type\":\"ReadAction\",\"target\":[\"https:\/\/booksal.com\/index.php\/product\/loja-me-numrat\/\"]}]},{\"@type\":\"ImageObject\",\"inLanguage\":\"sq\",\"@id\":\"https:\/\/booksal.com\/index.php\/product\/loja-me-numrat\/#primaryimage\",\"url\":\"https:\/\/booksal.com\/wp-content\/uploads\/2023\/09\/WhatsApp-Image-2023-09-30-at-9.38.44-AM.jpeg\",\"contentUrl\":\"https:\/\/booksal.com\/wp-content\/uploads\/2023\/09\/WhatsApp-Image-2023-09-30-at-9.38.44-AM.jpeg\",\"width\":1270,\"height\":1270},{\"@type\":\"BreadcrumbList\",\"@id\":\"https:\/\/booksal.com\/index.php\/product\/loja-me-numrat\/#breadcrumb\",\"itemListElement\":[{\"@type\":\"ListItem\",\"position\":1,\"name\":\"Home\",\"item\":\"https:\/\/booksal.com\/\"},{\"@type\":\"ListItem\",\"position\":2,\"name\":\"Shop\",\"item\":\"https:\/\/booksal.com\/index.php\/shop\/?lang=en\"},{\"@type\":\"ListItem\",\"position\":3,\"name\":\"Loja me numrat\"}]},{\"@type\":\"WebSite\",\"@id\":\"https:\/\/booksal.com\/#website\",\"url\":\"https:\/\/booksal.com\/\",\"name\":\"BOOKSAL Publishing House Fan Noli - publishing house in albania , shtepi botuese ne shqiperi , shtepia botuese fan Noli , Rexhep Hida\",\"description\":\"Publishing House Fan Noli - publishing house in albania , shtepi botuese ne shqiperi , shtepia botuese Fan Noli , Rexhep Hida\",\"potentialAction\":[{\"@type\":\"SearchAction\",\"target\":{\"@type\":\"EntryPoint\",\"urlTemplate\":\"https:\/\/booksal.com\/?s={search_term_string}\"},\"query-input\":{\"@type\":\"PropertyValueSpecification\",\"valueRequired\":true,\"valueName\":\"search_term_string\"}}],\"inLanguage\":\"sq\"}]}<\/script>\n<!-- \/ Yoast SEO plugin. -->","yoast_head_json":{"title":"Loja me numrat - BOOKSAL Publishing House Fan Noli - publishing house in albania , shtepi botuese ne shqiperi , shtepia botuese fan Noli , Rexhep Hida","robots":{"index":"index","follow":"follow","max-snippet":"max-snippet:-1","max-image-preview":"max-image-preview:large","max-video-preview":"max-video-preview:-1"},"canonical":"https:\/\/booksal.com\/index.php\/product\/loja-me-numrat\/","og_locale":"sq_AL","og_type":"article","og_title":"Loja me numrat - BOOKSAL Publishing House Fan Noli - publishing house in albania , shtepi botuese ne shqiperi , shtepia botuese fan Noli , Rexhep Hida","og_description":"Titulli :\u00a0Loja me numra Autori:\u00a0Danielle Steel Botuesi : Fan Noli ISBN :\u00a0\u00a0978-9928-342-70-6 P\u00ebrkthyesi : Xhimi Lazri","og_url":"https:\/\/booksal.com\/index.php\/product\/loja-me-numrat\/","og_site_name":"BOOKSAL Publishing House Fan Noli - publishing house in albania , shtepi botuese ne shqiperi , shtepia botuese fan Noli , Rexhep Hida","article_modified_time":"2023-09-30T07:42:12+00:00","og_image":[{"width":1270,"height":1270,"url":"https:\/\/booksal.com\/wp-content\/uploads\/2023\/09\/WhatsApp-Image-2023-09-30-at-9.38.44-AM.jpeg","type":"image\/jpeg"}],"twitter_card":"summary_large_image","twitter_misc":{"Est. reading time":"1 minut\u00eb"},"schema":{"@context":"https:\/\/schema.org","@graph":[{"@type":"WebPage","@id":"https:\/\/booksal.com\/index.php\/product\/loja-me-numrat\/","url":"https:\/\/booksal.com\/index.php\/product\/loja-me-numrat\/","name":"Loja me numrat - BOOKSAL Publishing House Fan Noli - publishing house in albania , shtepi botuese ne shqiperi , shtepia botuese fan Noli , Rexhep Hida","isPartOf":{"@id":"https:\/\/booksal.com\/#website"},"primaryImageOfPage":{"@id":"https:\/\/booksal.com\/index.php\/product\/loja-me-numrat\/#primaryimage"},"image":{"@id":"https:\/\/booksal.com\/index.php\/product\/loja-me-numrat\/#primaryimage"},"thumbnailUrl":"https:\/\/booksal.com\/wp-content\/uploads\/2023\/09\/WhatsApp-Image-2023-09-30-at-9.38.44-AM.jpeg","datePublished":"2023-09-30T07:39:48+00:00","dateModified":"2023-09-30T07:42:12+00:00","breadcrumb":{"@id":"https:\/\/booksal.com\/index.php\/product\/loja-me-numrat\/#breadcrumb"},"inLanguage":"sq","potentialAction":[{"@type":"ReadAction","target":["https:\/\/booksal.com\/index.php\/product\/loja-me-numrat\/"]}]},{"@type":"ImageObject","inLanguage":"sq","@id":"https:\/\/booksal.com\/index.php\/product\/loja-me-numrat\/#primaryimage","url":"https:\/\/booksal.com\/wp-content\/uploads\/2023\/09\/WhatsApp-Image-2023-09-30-at-9.38.44-AM.jpeg","contentUrl":"https:\/\/booksal.com\/wp-content\/uploads\/2023\/09\/WhatsApp-Image-2023-09-30-at-9.38.44-AM.jpeg","width":1270,"height":1270},{"@type":"BreadcrumbList","@id":"https:\/\/booksal.com\/index.php\/product\/loja-me-numrat\/#breadcrumb","itemListElement":[{"@type":"ListItem","position":1,"name":"Home","item":"https:\/\/booksal.com\/"},{"@type":"ListItem","position":2,"name":"Shop","item":"https:\/\/booksal.com\/index.php\/shop\/?lang=en"},{"@type":"ListItem","position":3,"name":"Loja me numrat"}]},{"@type":"WebSite","@id":"https:\/\/booksal.com\/#website","url":"https:\/\/booksal.com\/","name":"BOOKSAL Publishing House Fan Noli - publishing house in albania , shtepi botuese ne shqiperi , shtepia botuese fan Noli , Rexhep Hida","description":"Publishing House Fan Noli - publishing house in albania , shtepi botuese ne shqiperi , shtepia botuese Fan Noli , Rexhep Hida","potentialAction":[{"@type":"SearchAction","target":{"@type":"EntryPoint","urlTemplate":"https:\/\/booksal.com\/?s={search_term_string}"},"query-input":{"@type":"PropertyValueSpecification","valueRequired":true,"valueName":"search_term_string"}}],"inLanguage":"sq"}]}},"_links":{"self":[{"href":"https:\/\/booksal.com\/index.php\/wp-json\/wp\/v2\/product\/2023","targetHints":{"allow":["GET"]}}],"collection":[{"href":"https:\/\/booksal.com\/index.php\/wp-json\/wp\/v2\/product"}],"about":[{"href":"https:\/\/booksal.com\/index.php\/wp-json\/wp\/v2\/types\/product"}],"wp:featuredmedia":[{"embeddable":true,"href":"https:\/\/booksal.com\/index.php\/wp-json\/wp\/v2\/media\/2024"}],"wp:attachment":[{"href":"https:\/\/booksal.com\/index.php\/wp-json\/wp\/v2\/media?parent=2023"}],"wp:term":[{"taxonomy":"product_brand","embeddable":true,"href":"https:\/\/booksal.com\/index.php\/wp-json\/wp\/v2\/product_brand?post=2023"},{"taxonomy":"product_cat","embeddable":true,"href":"https:\/\/booksal.com\/index.php\/wp-json\/wp\/v2\/product_cat?post=2023"},{"taxonomy":"product_tag","embeddable":true,"href":"https:\/\/booksal.com\/index.php\/wp-json\/wp\/v2\/product_tag?post=2023"}],"curies":[{"name":"wp","href":"https:\/\/api.w.org\/{rel}","templated":true}]}}