{"id":2026,"date":"2023-09-30T07:42:39","date_gmt":"2023-09-30T07:42:39","guid":{"rendered":"https:\/\/booksal.com\/?post_type=product&#038;p=2026"},"modified":"2023-09-30T07:44:19","modified_gmt":"2023-09-30T07:44:19","slug":"ta-humbesh-dhe-ta-gjesh","status":"publish","type":"product","link":"https:\/\/booksal.com\/index.php\/product\/ta-humbesh-dhe-ta-gjesh\/","title":{"rendered":"Ta humb\u00ebsh dhe ta gjesh"},"content":{"rendered":"<p>\u00c7far\u00eb mund t\u00eb ket\u00eb qen\u00eb? Kjo pyetje intriguese e shtyn nj\u00eb grua n\u00eb nj\u00eb aventur\u00eb p\u00ebrgjat\u00eb vendit p\u00ebr t&#8217;u ribashkuar me burrat q\u00eb i kishte dashur por q\u00eb i kishte l\u00ebn\u00eb t\u00eb iknin. Madison Allen \u00ebsht\u00eb e p\u00ebrqendruar n\u00eb karrier\u00ebn e saj si fotografe. Duke par\u00eb fotot e vjetra n\u00eb sht\u00ebpin\u00eb saj elegante t\u00eb zjarrfikseve n\u00eb Nju Jork, ajo p\u00ebrsiat se \u00e7far\u00eb mund t\u00eb kishte qen\u00eb n\u00eb jet\u00eb. N\u00eb jet\u00ebn e saj kishte pasur tre burra q\u00eb kishin qen\u00eb shum\u00eb t\u00eb r\u00ebnd\u00ebsish\u00ebm p\u00ebr t\u00eb n\u00eb m\u00ebnyra t\u00eb ndryshme, por kishte qen\u00eb edhe dashuria e saj e kat\u00ebrt, puna, e cila n\u00eb fund t\u00eb fundit fitonte gjithmon\u00eb. E konsumuar nga kujtimet e vjetra dhe me nj\u00eb pauz\u00eb t\u00eb detyruar n\u00eb axhend\u00eb, Maddie nis nj\u00eb udh\u00ebtim. Ajo shpreson t&#8217;u p\u00ebrgjigjet pyetjeve n\u00eb lidhje me burrat q\u00eb kishte dhe me t\u00eb cil\u00ebt mund t\u00eb ishte martuar n\u00eb vitet pasi mbeti vet\u00ebm me tre f\u00ebmij\u00eb t\u00eb vegj\u00ebl. Nd\u00ebrsa Maddie fillon t\u00eb lidhet s\u00ebrish me t\u00eb kaluar\u00ebn e saj n\u00eb Boston, \u00c7ikago dhe Wyoming, ajo shpreson t\u00eb bindet se vendimet q\u00eb mori shum\u00eb koh\u00eb m\u00eb par\u00eb ishin t\u00eb duhurat. Dhe nd\u00ebrsa jeta e saj vjen n\u00eb fokus m\u00eb t\u00eb qart\u00eb, nj\u00eb e ardhme e re e papritur merr form\u00eb dhe \u00ebsht\u00eb nj\u00eb m\u00ebsim i vlefsh\u00ebm p\u00ebr t\u00eb gjith\u00eb ne q\u00eb kemi pyetur ndonj\u00ebher\u00eb veten &#8220;po sikur?&#8221;<\/p>\n","protected":false},"excerpt":{"rendered":"<p><strong>Titulli<\/strong> :\u00a0Ta humb\u00ebsh dhe ta gjesh<br \/>\n<strong>Autori<\/strong>:\u00a0Danielle Steel<br \/>\n<strong>Botuesi<\/strong> : Fan Noli<br \/>\n<strong>ISBN<\/strong> :\u00a0\u00a0978-9928-342-94-2<br \/>\n<strong>P\u00ebrkthyesi<\/strong> : Loredana Duka<\/p>\n","protected":false},"featured_media":2027,"template":"","meta":[],"product_brand":[],"product_cat":[23],"product_tag":[],"class_list":{"0":"post-2026","1":"product","2":"type-product","3":"status-publish","4":"has-post-thumbnail","6":"product_cat-letersiartistike","7":"description-off","9":"first","10":"instock","11":"shipping-taxable","12":"product-type-simple"},"yoast_head":"<!-- This site is optimized with the Yoast SEO plugin v26.7 - https:\/\/yoast.com\/wordpress\/plugins\/seo\/ -->\n<title>Ta humb\u00ebsh dhe ta gjesh - BOOKSAL Publishing House Fan Noli - publishing house in albania , shtepi botuese ne shqiperi , shtepia botuese fan Noli , Rexhep Hida<\/title>\n<meta name=\"robots\" content=\"index, follow, max-snippet:-1, max-image-preview:large, max-video-preview:-1\" \/>\n<link rel=\"canonical\" href=\"https:\/\/booksal.com\/index.php\/product\/ta-humbesh-dhe-ta-gjesh\/\" \/>\n<meta property=\"og:locale\" content=\"sq_AL\" \/>\n<meta property=\"og:type\" content=\"article\" \/>\n<meta property=\"og:title\" content=\"Ta humb\u00ebsh dhe ta gjesh - BOOKSAL Publishing House Fan Noli - publishing house in albania , shtepi botuese ne shqiperi , shtepia botuese fan Noli , Rexhep Hida\" \/>\n<meta property=\"og:description\" content=\"Titulli :\u00a0Ta humb\u00ebsh dhe ta gjesh Autori:\u00a0Danielle Steel Botuesi : Fan Noli ISBN :\u00a0\u00a0978-9928-342-94-2 P\u00ebrkthyesi : Loredana Duka\" \/>\n<meta property=\"og:url\" content=\"https:\/\/booksal.com\/index.php\/product\/ta-humbesh-dhe-ta-gjesh\/\" \/>\n<meta property=\"og:site_name\" content=\"BOOKSAL Publishing House Fan Noli - publishing house in albania , shtepi botuese ne shqiperi , shtepia botuese fan Noli , Rexhep Hida\" \/>\n<meta property=\"article:modified_time\" content=\"2023-09-30T07:44:19+00:00\" \/>\n<meta property=\"og:image\" content=\"https:\/\/booksal.com\/wp-content\/uploads\/2023\/09\/WhatsApp-Image-2023-09-30-at-9.38.45-AM-1.jpeg\" \/>\n\t<meta property=\"og:image:width\" content=\"1270\" \/>\n\t<meta property=\"og:image:height\" content=\"1270\" \/>\n\t<meta property=\"og:image:type\" content=\"image\/jpeg\" \/>\n<meta name=\"twitter:card\" content=\"summary_large_image\" \/>\n<meta name=\"twitter:label1\" content=\"Est. reading time\" \/>\n\t<meta name=\"twitter:data1\" content=\"1 minut\u00eb\" \/>\n<script type=\"application\/ld+json\" class=\"yoast-schema-graph\">{\"@context\":\"https:\/\/schema.org\",\"@graph\":[{\"@type\":\"WebPage\",\"@id\":\"https:\/\/booksal.com\/index.php\/product\/ta-humbesh-dhe-ta-gjesh\/\",\"url\":\"https:\/\/booksal.com\/index.php\/product\/ta-humbesh-dhe-ta-gjesh\/\",\"name\":\"Ta humb\u00ebsh dhe ta gjesh - BOOKSAL Publishing House Fan Noli - publishing house in albania , shtepi botuese ne shqiperi , shtepia botuese fan Noli , Rexhep Hida\",\"isPartOf\":{\"@id\":\"https:\/\/booksal.com\/#website\"},\"primaryImageOfPage\":{\"@id\":\"https:\/\/booksal.com\/index.php\/product\/ta-humbesh-dhe-ta-gjesh\/#primaryimage\"},\"image\":{\"@id\":\"https:\/\/booksal.com\/index.php\/product\/ta-humbesh-dhe-ta-gjesh\/#primaryimage\"},\"thumbnailUrl\":\"https:\/\/booksal.com\/wp-content\/uploads\/2023\/09\/WhatsApp-Image-2023-09-30-at-9.38.45-AM-1.jpeg\",\"datePublished\":\"2023-09-30T07:42:39+00:00\",\"dateModified\":\"2023-09-30T07:44:19+00:00\",\"breadcrumb\":{\"@id\":\"https:\/\/booksal.com\/index.php\/product\/ta-humbesh-dhe-ta-gjesh\/#breadcrumb\"},\"inLanguage\":\"sq\",\"potentialAction\":[{\"@type\":\"ReadAction\",\"target\":[\"https:\/\/booksal.com\/index.php\/product\/ta-humbesh-dhe-ta-gjesh\/\"]}]},{\"@type\":\"ImageObject\",\"inLanguage\":\"sq\",\"@id\":\"https:\/\/booksal.com\/index.php\/product\/ta-humbesh-dhe-ta-gjesh\/#primaryimage\",\"url\":\"https:\/\/booksal.com\/wp-content\/uploads\/2023\/09\/WhatsApp-Image-2023-09-30-at-9.38.45-AM-1.jpeg\",\"contentUrl\":\"https:\/\/booksal.com\/wp-content\/uploads\/2023\/09\/WhatsApp-Image-2023-09-30-at-9.38.45-AM-1.jpeg\",\"width\":1270,\"height\":1270},{\"@type\":\"BreadcrumbList\",\"@id\":\"https:\/\/booksal.com\/index.php\/product\/ta-humbesh-dhe-ta-gjesh\/#breadcrumb\",\"itemListElement\":[{\"@type\":\"ListItem\",\"position\":1,\"name\":\"Home\",\"item\":\"https:\/\/booksal.com\/\"},{\"@type\":\"ListItem\",\"position\":2,\"name\":\"Shop\",\"item\":\"https:\/\/booksal.com\/index.php\/shop\/?lang=en\"},{\"@type\":\"ListItem\",\"position\":3,\"name\":\"Ta humb\u00ebsh dhe ta gjesh\"}]},{\"@type\":\"WebSite\",\"@id\":\"https:\/\/booksal.com\/#website\",\"url\":\"https:\/\/booksal.com\/\",\"name\":\"BOOKSAL Publishing House Fan Noli - publishing house in albania , shtepi botuese ne shqiperi , shtepia botuese fan Noli , Rexhep Hida\",\"description\":\"Publishing House Fan Noli - publishing house in albania , shtepi botuese ne shqiperi , shtepia botuese Fan Noli , Rexhep Hida\",\"potentialAction\":[{\"@type\":\"SearchAction\",\"target\":{\"@type\":\"EntryPoint\",\"urlTemplate\":\"https:\/\/booksal.com\/?s={search_term_string}\"},\"query-input\":{\"@type\":\"PropertyValueSpecification\",\"valueRequired\":true,\"valueName\":\"search_term_string\"}}],\"inLanguage\":\"sq\"}]}<\/script>\n<!-- \/ Yoast SEO plugin. -->","yoast_head_json":{"title":"Ta humb\u00ebsh dhe ta gjesh - BOOKSAL Publishing House Fan Noli - publishing house in albania , shtepi botuese ne shqiperi , shtepia botuese fan Noli , Rexhep Hida","robots":{"index":"index","follow":"follow","max-snippet":"max-snippet:-1","max-image-preview":"max-image-preview:large","max-video-preview":"max-video-preview:-1"},"canonical":"https:\/\/booksal.com\/index.php\/product\/ta-humbesh-dhe-ta-gjesh\/","og_locale":"sq_AL","og_type":"article","og_title":"Ta humb\u00ebsh dhe ta gjesh - BOOKSAL Publishing House Fan Noli - publishing house in albania , shtepi botuese ne shqiperi , shtepia botuese fan Noli , Rexhep Hida","og_description":"Titulli :\u00a0Ta humb\u00ebsh dhe ta gjesh Autori:\u00a0Danielle Steel Botuesi : Fan Noli ISBN :\u00a0\u00a0978-9928-342-94-2 P\u00ebrkthyesi : Loredana Duka","og_url":"https:\/\/booksal.com\/index.php\/product\/ta-humbesh-dhe-ta-gjesh\/","og_site_name":"BOOKSAL Publishing House Fan Noli - publishing house in albania , shtepi botuese ne shqiperi , shtepia botuese fan Noli , Rexhep Hida","article_modified_time":"2023-09-30T07:44:19+00:00","og_image":[{"width":1270,"height":1270,"url":"https:\/\/booksal.com\/wp-content\/uploads\/2023\/09\/WhatsApp-Image-2023-09-30-at-9.38.45-AM-1.jpeg","type":"image\/jpeg"}],"twitter_card":"summary_large_image","twitter_misc":{"Est. reading time":"1 minut\u00eb"},"schema":{"@context":"https:\/\/schema.org","@graph":[{"@type":"WebPage","@id":"https:\/\/booksal.com\/index.php\/product\/ta-humbesh-dhe-ta-gjesh\/","url":"https:\/\/booksal.com\/index.php\/product\/ta-humbesh-dhe-ta-gjesh\/","name":"Ta humb\u00ebsh dhe ta gjesh - BOOKSAL Publishing House Fan Noli - publishing house in albania , shtepi botuese ne shqiperi , shtepia botuese fan Noli , Rexhep Hida","isPartOf":{"@id":"https:\/\/booksal.com\/#website"},"primaryImageOfPage":{"@id":"https:\/\/booksal.com\/index.php\/product\/ta-humbesh-dhe-ta-gjesh\/#primaryimage"},"image":{"@id":"https:\/\/booksal.com\/index.php\/product\/ta-humbesh-dhe-ta-gjesh\/#primaryimage"},"thumbnailUrl":"https:\/\/booksal.com\/wp-content\/uploads\/2023\/09\/WhatsApp-Image-2023-09-30-at-9.38.45-AM-1.jpeg","datePublished":"2023-09-30T07:42:39+00:00","dateModified":"2023-09-30T07:44:19+00:00","breadcrumb":{"@id":"https:\/\/booksal.com\/index.php\/product\/ta-humbesh-dhe-ta-gjesh\/#breadcrumb"},"inLanguage":"sq","potentialAction":[{"@type":"ReadAction","target":["https:\/\/booksal.com\/index.php\/product\/ta-humbesh-dhe-ta-gjesh\/"]}]},{"@type":"ImageObject","inLanguage":"sq","@id":"https:\/\/booksal.com\/index.php\/product\/ta-humbesh-dhe-ta-gjesh\/#primaryimage","url":"https:\/\/booksal.com\/wp-content\/uploads\/2023\/09\/WhatsApp-Image-2023-09-30-at-9.38.45-AM-1.jpeg","contentUrl":"https:\/\/booksal.com\/wp-content\/uploads\/2023\/09\/WhatsApp-Image-2023-09-30-at-9.38.45-AM-1.jpeg","width":1270,"height":1270},{"@type":"BreadcrumbList","@id":"https:\/\/booksal.com\/index.php\/product\/ta-humbesh-dhe-ta-gjesh\/#breadcrumb","itemListElement":[{"@type":"ListItem","position":1,"name":"Home","item":"https:\/\/booksal.com\/"},{"@type":"ListItem","position":2,"name":"Shop","item":"https:\/\/booksal.com\/index.php\/shop\/?lang=en"},{"@type":"ListItem","position":3,"name":"Ta humb\u00ebsh dhe ta gjesh"}]},{"@type":"WebSite","@id":"https:\/\/booksal.com\/#website","url":"https:\/\/booksal.com\/","name":"BOOKSAL Publishing House Fan Noli - publishing house in albania , shtepi botuese ne shqiperi , shtepia botuese fan Noli , Rexhep Hida","description":"Publishing House Fan Noli - publishing house in albania , shtepi botuese ne shqiperi , shtepia botuese Fan Noli , Rexhep Hida","potentialAction":[{"@type":"SearchAction","target":{"@type":"EntryPoint","urlTemplate":"https:\/\/booksal.com\/?s={search_term_string}"},"query-input":{"@type":"PropertyValueSpecification","valueRequired":true,"valueName":"search_term_string"}}],"inLanguage":"sq"}]}},"_links":{"self":[{"href":"https:\/\/booksal.com\/index.php\/wp-json\/wp\/v2\/product\/2026","targetHints":{"allow":["GET"]}}],"collection":[{"href":"https:\/\/booksal.com\/index.php\/wp-json\/wp\/v2\/product"}],"about":[{"href":"https:\/\/booksal.com\/index.php\/wp-json\/wp\/v2\/types\/product"}],"wp:featuredmedia":[{"embeddable":true,"href":"https:\/\/booksal.com\/index.php\/wp-json\/wp\/v2\/media\/2027"}],"wp:attachment":[{"href":"https:\/\/booksal.com\/index.php\/wp-json\/wp\/v2\/media?parent=2026"}],"wp:term":[{"taxonomy":"product_brand","embeddable":true,"href":"https:\/\/booksal.com\/index.php\/wp-json\/wp\/v2\/product_brand?post=2026"},{"taxonomy":"product_cat","embeddable":true,"href":"https:\/\/booksal.com\/index.php\/wp-json\/wp\/v2\/product_cat?post=2026"},{"taxonomy":"product_tag","embeddable":true,"href":"https:\/\/booksal.com\/index.php\/wp-json\/wp\/v2\/product_tag?post=2026"}],"curies":[{"name":"wp","href":"https:\/\/api.w.org\/{rel}","templated":true}]}}