{"id":2029,"date":"2023-09-30T12:02:44","date_gmt":"2023-09-30T12:02:44","guid":{"rendered":"https:\/\/booksal.com\/?post_type=product&#038;p=2029"},"modified":"2023-09-30T12:05:17","modified_gmt":"2023-09-30T12:05:17","slug":"shtet-i-ri-burre-shteti-modern-hashim-thaci-nje-biografi","status":"publish","type":"product","link":"https:\/\/booksal.com\/index.php\/product\/shtet-i-ri-burre-shteti-modern-hashim-thaci-nje-biografi\/","title":{"rendered":"Shtet i ri, burr\u00eb shteti modern Hashim Tha\u00e7i &#8211; Nj\u00eb biografi"},"content":{"rendered":"<p>Kosova ka p\u00ebrshkuar nj\u00eb udh\u00ebtim t\u00eb pabesuesh\u00ebm, dhe nj\u00eb njeri i r\u00ebnd\u00ebsish\u00ebm p\u00ebr zhvillimin e k\u00ebtij bastioni t\u00eb demokracis\u00eb n\u00eb Ballkan \u00ebsht\u00eb z. Hashim Tha\u00e7i. Q\u00eb kur ishte djal\u00eb i ri, ende pa mbushur t\u00eb tridhjetat, ai kryesoi delegacionin shqiptar t\u00eb Kosov\u00ebs n\u00eb konferenc\u00ebn nd\u00ebrkomb\u00ebtare n\u00eb K\u00ebshtjell\u00ebn e Rambujes\u00eb n\u00eb Franc\u00eb. Tha\u00e7i u ul n\u00eb tavolin\u00eb si figur\u00eb, p\u00ebr t\u00eb cilin dihej pak, por mbas mbylljes s\u00eb konferenc\u00ebs dy jav\u00eb m\u00eb von\u00eb, ai u pranua si z\u00ebri i arsyes n\u00eb nj\u00eb koh\u00eb ndasish t\u00eb mprehta brenda vendit. Fati i Kosov\u00ebs ishte n\u00eb dor\u00eb t\u00eb aft\u00ebsive t\u00eb admirueshme t\u00eb Tha\u00e7it p\u00ebr t\u00eb bindur koleg\u00ebt e tij luft\u00ebtar\u00eb t\u00eb b\u00ebnin kompromis &#8211; nj\u00eb detyr\u00eb jo e leht\u00eb p\u00ebr ata n\u00eb terren, t\u00eb cil\u00ebt ishin b\u00ebr\u00eb d\u00ebshmitar\u00eb t\u00eb krimeve \u00e7njer\u00ebzore t\u00eb kryera nga forcat serbe.<\/p>\n","protected":false},"excerpt":{"rendered":"<p><strong>Titulli<\/strong> :\u00a0Shtet i ri, burr\u00eb shteti modern<br \/>\nHashim Tha\u00e7i &#8211; Nj\u00eb biografi<br \/>\n<strong>Autori<\/strong>:\u00a0Roger Boyes, Suzy Jagger<br \/>\n<strong>Botuesi<\/strong> : Fan Noli<br \/>\n<strong>ISBN<\/strong> :\u00a0\u00a0978-9928-813-00-8<br \/>\n<strong>P\u00ebrkthyesi<\/strong> : Arta Dade<\/p>\n","protected":false},"featured_media":2030,"template":"","meta":[],"product_brand":[],"product_cat":[23],"product_tag":[],"class_list":{"0":"post-2029","1":"product","2":"type-product","3":"status-publish","4":"has-post-thumbnail","6":"product_cat-letersiartistike","7":"description-off","9":"first","10":"instock","11":"shipping-taxable","12":"product-type-simple"},"yoast_head":"<!-- This site is optimized with the Yoast SEO plugin v26.7 - https:\/\/yoast.com\/wordpress\/plugins\/seo\/ -->\n<title>Shtet i ri, burr\u00eb shteti modern Hashim Tha\u00e7i - Nj\u00eb biografi - BOOKSAL Publishing House Fan Noli - publishing house in albania , shtepi botuese ne shqiperi , shtepia botuese fan Noli , Rexhep Hida<\/title>\n<meta name=\"robots\" content=\"index, follow, max-snippet:-1, max-image-preview:large, max-video-preview:-1\" \/>\n<link rel=\"canonical\" href=\"https:\/\/booksal.com\/index.php\/product\/shtet-i-ri-burre-shteti-modern-hashim-thaci-nje-biografi\/\" \/>\n<meta property=\"og:locale\" content=\"sq_AL\" \/>\n<meta property=\"og:type\" content=\"article\" \/>\n<meta property=\"og:title\" content=\"Shtet i ri, burr\u00eb shteti modern Hashim Tha\u00e7i - Nj\u00eb biografi - BOOKSAL Publishing House Fan Noli - publishing house in albania , shtepi botuese ne shqiperi , shtepia botuese fan Noli , Rexhep Hida\" \/>\n<meta property=\"og:description\" content=\"Titulli :\u00a0Shtet i ri, burr\u00eb shteti modern Hashim Tha\u00e7i - Nj\u00eb biografi Autori:\u00a0Roger Boyes, Suzy Jagger Botuesi : Fan Noli ISBN :\u00a0\u00a0978-9928-813-00-8 P\u00ebrkthyesi : Arta Dade\" \/>\n<meta property=\"og:url\" content=\"https:\/\/booksal.com\/index.php\/product\/shtet-i-ri-burre-shteti-modern-hashim-thaci-nje-biografi\/\" \/>\n<meta property=\"og:site_name\" content=\"BOOKSAL Publishing House Fan Noli - publishing house in albania , shtepi botuese ne shqiperi , shtepia botuese fan Noli , Rexhep Hida\" \/>\n<meta property=\"article:modified_time\" content=\"2023-09-30T12:05:17+00:00\" \/>\n<meta property=\"og:image\" content=\"https:\/\/booksal.com\/wp-content\/uploads\/2023\/09\/WhatsApp-Image-2023-09-30-at-9.38.46-AM.jpeg\" \/>\n\t<meta property=\"og:image:width\" content=\"1270\" \/>\n\t<meta property=\"og:image:height\" content=\"1270\" \/>\n\t<meta property=\"og:image:type\" content=\"image\/jpeg\" \/>\n<meta name=\"twitter:card\" content=\"summary_large_image\" \/>\n<meta name=\"twitter:label1\" content=\"Est. reading time\" \/>\n\t<meta name=\"twitter:data1\" content=\"1 minut\u00eb\" \/>\n<script type=\"application\/ld+json\" class=\"yoast-schema-graph\">{\"@context\":\"https:\/\/schema.org\",\"@graph\":[{\"@type\":\"WebPage\",\"@id\":\"https:\/\/booksal.com\/index.php\/product\/shtet-i-ri-burre-shteti-modern-hashim-thaci-nje-biografi\/\",\"url\":\"https:\/\/booksal.com\/index.php\/product\/shtet-i-ri-burre-shteti-modern-hashim-thaci-nje-biografi\/\",\"name\":\"Shtet i ri, burr\u00eb shteti modern Hashim Tha\u00e7i - Nj\u00eb biografi - BOOKSAL Publishing House Fan Noli - publishing house in albania , shtepi botuese ne shqiperi , shtepia botuese fan Noli , Rexhep Hida\",\"isPartOf\":{\"@id\":\"https:\/\/booksal.com\/#website\"},\"primaryImageOfPage\":{\"@id\":\"https:\/\/booksal.com\/index.php\/product\/shtet-i-ri-burre-shteti-modern-hashim-thaci-nje-biografi\/#primaryimage\"},\"image\":{\"@id\":\"https:\/\/booksal.com\/index.php\/product\/shtet-i-ri-burre-shteti-modern-hashim-thaci-nje-biografi\/#primaryimage\"},\"thumbnailUrl\":\"https:\/\/booksal.com\/wp-content\/uploads\/2023\/09\/WhatsApp-Image-2023-09-30-at-9.38.46-AM.jpeg\",\"datePublished\":\"2023-09-30T12:02:44+00:00\",\"dateModified\":\"2023-09-30T12:05:17+00:00\",\"breadcrumb\":{\"@id\":\"https:\/\/booksal.com\/index.php\/product\/shtet-i-ri-burre-shteti-modern-hashim-thaci-nje-biografi\/#breadcrumb\"},\"inLanguage\":\"sq\",\"potentialAction\":[{\"@type\":\"ReadAction\",\"target\":[\"https:\/\/booksal.com\/index.php\/product\/shtet-i-ri-burre-shteti-modern-hashim-thaci-nje-biografi\/\"]}]},{\"@type\":\"ImageObject\",\"inLanguage\":\"sq\",\"@id\":\"https:\/\/booksal.com\/index.php\/product\/shtet-i-ri-burre-shteti-modern-hashim-thaci-nje-biografi\/#primaryimage\",\"url\":\"https:\/\/booksal.com\/wp-content\/uploads\/2023\/09\/WhatsApp-Image-2023-09-30-at-9.38.46-AM.jpeg\",\"contentUrl\":\"https:\/\/booksal.com\/wp-content\/uploads\/2023\/09\/WhatsApp-Image-2023-09-30-at-9.38.46-AM.jpeg\",\"width\":1270,\"height\":1270},{\"@type\":\"BreadcrumbList\",\"@id\":\"https:\/\/booksal.com\/index.php\/product\/shtet-i-ri-burre-shteti-modern-hashim-thaci-nje-biografi\/#breadcrumb\",\"itemListElement\":[{\"@type\":\"ListItem\",\"position\":1,\"name\":\"Home\",\"item\":\"https:\/\/booksal.com\/\"},{\"@type\":\"ListItem\",\"position\":2,\"name\":\"Shop\",\"item\":\"https:\/\/booksal.com\/index.php\/shop\/?lang=en\"},{\"@type\":\"ListItem\",\"position\":3,\"name\":\"Shtet i ri, burr\u00eb shteti modern Hashim Tha\u00e7i &#8211; Nj\u00eb biografi\"}]},{\"@type\":\"WebSite\",\"@id\":\"https:\/\/booksal.com\/#website\",\"url\":\"https:\/\/booksal.com\/\",\"name\":\"BOOKSAL Publishing House Fan Noli - publishing house in albania , shtepi botuese ne shqiperi , shtepia botuese fan Noli , Rexhep Hida\",\"description\":\"Publishing House Fan Noli - publishing house in albania , shtepi botuese ne shqiperi , shtepia botuese Fan Noli , Rexhep Hida\",\"potentialAction\":[{\"@type\":\"SearchAction\",\"target\":{\"@type\":\"EntryPoint\",\"urlTemplate\":\"https:\/\/booksal.com\/?s={search_term_string}\"},\"query-input\":{\"@type\":\"PropertyValueSpecification\",\"valueRequired\":true,\"valueName\":\"search_term_string\"}}],\"inLanguage\":\"sq\"}]}<\/script>\n<!-- \/ Yoast SEO plugin. -->","yoast_head_json":{"title":"Shtet i ri, burr\u00eb shteti modern Hashim Tha\u00e7i - Nj\u00eb biografi - BOOKSAL Publishing House Fan Noli - publishing house in albania , shtepi botuese ne shqiperi , shtepia botuese fan Noli , Rexhep Hida","robots":{"index":"index","follow":"follow","max-snippet":"max-snippet:-1","max-image-preview":"max-image-preview:large","max-video-preview":"max-video-preview:-1"},"canonical":"https:\/\/booksal.com\/index.php\/product\/shtet-i-ri-burre-shteti-modern-hashim-thaci-nje-biografi\/","og_locale":"sq_AL","og_type":"article","og_title":"Shtet i ri, burr\u00eb shteti modern Hashim Tha\u00e7i - Nj\u00eb biografi - BOOKSAL Publishing House Fan Noli - publishing house in albania , shtepi botuese ne shqiperi , shtepia botuese fan Noli , Rexhep Hida","og_description":"Titulli :\u00a0Shtet i ri, burr\u00eb shteti modern Hashim Tha\u00e7i - Nj\u00eb biografi Autori:\u00a0Roger Boyes, Suzy Jagger Botuesi : Fan Noli ISBN :\u00a0\u00a0978-9928-813-00-8 P\u00ebrkthyesi : Arta Dade","og_url":"https:\/\/booksal.com\/index.php\/product\/shtet-i-ri-burre-shteti-modern-hashim-thaci-nje-biografi\/","og_site_name":"BOOKSAL Publishing House Fan Noli - publishing house in albania , shtepi botuese ne shqiperi , shtepia botuese fan Noli , Rexhep Hida","article_modified_time":"2023-09-30T12:05:17+00:00","og_image":[{"width":1270,"height":1270,"url":"https:\/\/booksal.com\/wp-content\/uploads\/2023\/09\/WhatsApp-Image-2023-09-30-at-9.38.46-AM.jpeg","type":"image\/jpeg"}],"twitter_card":"summary_large_image","twitter_misc":{"Est. reading time":"1 minut\u00eb"},"schema":{"@context":"https:\/\/schema.org","@graph":[{"@type":"WebPage","@id":"https:\/\/booksal.com\/index.php\/product\/shtet-i-ri-burre-shteti-modern-hashim-thaci-nje-biografi\/","url":"https:\/\/booksal.com\/index.php\/product\/shtet-i-ri-burre-shteti-modern-hashim-thaci-nje-biografi\/","name":"Shtet i ri, burr\u00eb shteti modern Hashim Tha\u00e7i - Nj\u00eb biografi - BOOKSAL Publishing House Fan Noli - publishing house in albania , shtepi botuese ne shqiperi , shtepia botuese fan Noli , Rexhep Hida","isPartOf":{"@id":"https:\/\/booksal.com\/#website"},"primaryImageOfPage":{"@id":"https:\/\/booksal.com\/index.php\/product\/shtet-i-ri-burre-shteti-modern-hashim-thaci-nje-biografi\/#primaryimage"},"image":{"@id":"https:\/\/booksal.com\/index.php\/product\/shtet-i-ri-burre-shteti-modern-hashim-thaci-nje-biografi\/#primaryimage"},"thumbnailUrl":"https:\/\/booksal.com\/wp-content\/uploads\/2023\/09\/WhatsApp-Image-2023-09-30-at-9.38.46-AM.jpeg","datePublished":"2023-09-30T12:02:44+00:00","dateModified":"2023-09-30T12:05:17+00:00","breadcrumb":{"@id":"https:\/\/booksal.com\/index.php\/product\/shtet-i-ri-burre-shteti-modern-hashim-thaci-nje-biografi\/#breadcrumb"},"inLanguage":"sq","potentialAction":[{"@type":"ReadAction","target":["https:\/\/booksal.com\/index.php\/product\/shtet-i-ri-burre-shteti-modern-hashim-thaci-nje-biografi\/"]}]},{"@type":"ImageObject","inLanguage":"sq","@id":"https:\/\/booksal.com\/index.php\/product\/shtet-i-ri-burre-shteti-modern-hashim-thaci-nje-biografi\/#primaryimage","url":"https:\/\/booksal.com\/wp-content\/uploads\/2023\/09\/WhatsApp-Image-2023-09-30-at-9.38.46-AM.jpeg","contentUrl":"https:\/\/booksal.com\/wp-content\/uploads\/2023\/09\/WhatsApp-Image-2023-09-30-at-9.38.46-AM.jpeg","width":1270,"height":1270},{"@type":"BreadcrumbList","@id":"https:\/\/booksal.com\/index.php\/product\/shtet-i-ri-burre-shteti-modern-hashim-thaci-nje-biografi\/#breadcrumb","itemListElement":[{"@type":"ListItem","position":1,"name":"Home","item":"https:\/\/booksal.com\/"},{"@type":"ListItem","position":2,"name":"Shop","item":"https:\/\/booksal.com\/index.php\/shop\/?lang=en"},{"@type":"ListItem","position":3,"name":"Shtet i ri, burr\u00eb shteti modern Hashim Tha\u00e7i &#8211; Nj\u00eb biografi"}]},{"@type":"WebSite","@id":"https:\/\/booksal.com\/#website","url":"https:\/\/booksal.com\/","name":"BOOKSAL Publishing House Fan Noli - publishing house in albania , shtepi botuese ne shqiperi , shtepia botuese fan Noli , Rexhep Hida","description":"Publishing House Fan Noli - publishing house in albania , shtepi botuese ne shqiperi , shtepia botuese Fan Noli , Rexhep Hida","potentialAction":[{"@type":"SearchAction","target":{"@type":"EntryPoint","urlTemplate":"https:\/\/booksal.com\/?s={search_term_string}"},"query-input":{"@type":"PropertyValueSpecification","valueRequired":true,"valueName":"search_term_string"}}],"inLanguage":"sq"}]}},"_links":{"self":[{"href":"https:\/\/booksal.com\/index.php\/wp-json\/wp\/v2\/product\/2029","targetHints":{"allow":["GET"]}}],"collection":[{"href":"https:\/\/booksal.com\/index.php\/wp-json\/wp\/v2\/product"}],"about":[{"href":"https:\/\/booksal.com\/index.php\/wp-json\/wp\/v2\/types\/product"}],"wp:featuredmedia":[{"embeddable":true,"href":"https:\/\/booksal.com\/index.php\/wp-json\/wp\/v2\/media\/2030"}],"wp:attachment":[{"href":"https:\/\/booksal.com\/index.php\/wp-json\/wp\/v2\/media?parent=2029"}],"wp:term":[{"taxonomy":"product_brand","embeddable":true,"href":"https:\/\/booksal.com\/index.php\/wp-json\/wp\/v2\/product_brand?post=2029"},{"taxonomy":"product_cat","embeddable":true,"href":"https:\/\/booksal.com\/index.php\/wp-json\/wp\/v2\/product_cat?post=2029"},{"taxonomy":"product_tag","embeddable":true,"href":"https:\/\/booksal.com\/index.php\/wp-json\/wp\/v2\/product_tag?post=2029"}],"curies":[{"name":"wp","href":"https:\/\/api.w.org\/{rel}","templated":true}]}}