{"id":2032,"date":"2023-09-30T12:05:34","date_gmt":"2023-09-30T12:05:34","guid":{"rendered":"https:\/\/booksal.com\/?post_type=product&#038;p=2032"},"modified":"2023-09-30T12:10:56","modified_gmt":"2023-09-30T12:10:56","slug":"adoleshenti","status":"publish","type":"product","link":"https:\/\/booksal.com\/index.php\/product\/adoleshenti\/","title":{"rendered":"Adoleshenti"},"content":{"rendered":"<p>Fatin e pamatsh\u00ebm t\u00eb s\u00eb v\u00ebrtet\u00ebs son\u00eb t\u00eb fundit t\u00eb &#8211; s\u00eb v\u00ebrtet\u00ebs q\u00eb ne p\u00ebrjetojm\u00eb, &#8211; n\u00eb m\u00ebnyr\u00eb profetike na e ka zbuluar Dostojevski. Ai ka gjetur p\u00ebrmasa t\u00eb reja t\u00eb thell\u00ebsis\u00eb s\u00eb njeriut: asnj\u00eb njeri i zakonsh\u00ebm para tij, nuk dinte kaq t\u00eb fshehta mbi fsheht\u00ebsin\u00eb e pavdekshme t\u00eb shpirtit. Por e \u00e7uditshme: ai pambarimisht e ka zgjeruar dijen mbi veten ton\u00eb, na ka m\u00ebsuar pambarimisht shum\u00eb, &#8211; por nga ai kemi m\u00ebsuar edhe ndjenj\u00ebn e lart\u00eb t\u00eb pajtimit, m\u00ebsuam t\u00eb ndiejm\u00eb an\u00ebn demoniane t\u00eb jet\u00ebs. Fal\u00eb tij ne u b\u00ebm\u00eb m\u00eb t\u00eb vet\u00ebdijsh\u00ebm, por ky vet\u00ebdij\u00ebsim nuk na ka emancipuar, p\u00ebrkundrazi na ka lidhur m\u00eb shum\u00eb. Sepse ashtu si njer\u00ebzit e sot\u00ebm jo m\u00eb pak se brezat e m\u00ebparsh\u00ebm, e ndiejn\u00eb madh\u00ebshtin\u00eb e vet\u00ebtim\u00ebs, pavar\u00ebsisht se e kan\u00eb njohur natyr\u00ebn e saj si fenomen elektrik dhe e kan\u00eb quajtur tension e shkarkim atmosferik, &#8211; k\u00ebshtu dhe njohja e mekanizmit shpirt\u00ebror t\u00eb njeriut, nuk mund ta pak\u00ebsoj\u00eb adhurimin para njer\u00ebzimit.<\/p>\n","protected":false},"excerpt":{"rendered":"<p><strong>Titulli<\/strong> : Adoleshenti<br \/>\n<strong>Autori<\/strong>: Fjodor Dostojevski<br \/>\n<strong>Botuesi<\/strong> : Fan Noli<br \/>\n<strong>ISBN<\/strong> :\u00a0\u00a0978-9928-342-99-7<br \/>\n<strong>P\u00ebrkthyesi<\/strong> : Xhemile Zykaj<\/p>\n","protected":false},"featured_media":2033,"template":"","meta":[],"product_brand":[],"product_cat":[23],"product_tag":[],"class_list":{"0":"post-2032","1":"product","2":"type-product","3":"status-publish","4":"has-post-thumbnail","6":"product_cat-letersiartistike","7":"description-off","9":"first","10":"instock","11":"shipping-taxable","12":"product-type-simple"},"yoast_head":"<!-- This site is optimized with the Yoast SEO plugin v26.7 - https:\/\/yoast.com\/wordpress\/plugins\/seo\/ -->\n<title>Adoleshenti - BOOKSAL Publishing House Fan Noli - publishing house in albania , shtepi botuese ne shqiperi , shtepia botuese fan Noli , Rexhep Hida<\/title>\n<meta name=\"robots\" content=\"index, follow, max-snippet:-1, max-image-preview:large, max-video-preview:-1\" \/>\n<link rel=\"canonical\" href=\"https:\/\/booksal.com\/index.php\/product\/adoleshenti\/\" \/>\n<meta property=\"og:locale\" content=\"sq_AL\" \/>\n<meta property=\"og:type\" content=\"article\" \/>\n<meta property=\"og:title\" content=\"Adoleshenti - BOOKSAL Publishing House Fan Noli - publishing house in albania , shtepi botuese ne shqiperi , shtepia botuese fan Noli , Rexhep Hida\" \/>\n<meta property=\"og:description\" content=\"Titulli : Adoleshenti Autori: Fjodor Dostojevski Botuesi : Fan Noli ISBN :\u00a0\u00a0978-9928-342-99-7 P\u00ebrkthyesi : Xhemile Zykaj\" \/>\n<meta property=\"og:url\" content=\"https:\/\/booksal.com\/index.php\/product\/adoleshenti\/\" \/>\n<meta property=\"og:site_name\" content=\"BOOKSAL Publishing House Fan Noli - publishing house in albania , shtepi botuese ne shqiperi , shtepia botuese fan Noli , Rexhep Hida\" \/>\n<meta property=\"article:modified_time\" content=\"2023-09-30T12:10:56+00:00\" \/>\n<meta property=\"og:image\" content=\"https:\/\/booksal.com\/wp-content\/uploads\/2023\/09\/WhatsApp-Image-2023-09-30-at-2.10.38-PM.jpeg\" \/>\n\t<meta property=\"og:image:width\" content=\"1489\" \/>\n\t<meta property=\"og:image:height\" content=\"1489\" \/>\n\t<meta property=\"og:image:type\" content=\"image\/jpeg\" \/>\n<meta name=\"twitter:card\" content=\"summary_large_image\" \/>\n<meta name=\"twitter:label1\" content=\"Est. reading time\" \/>\n\t<meta name=\"twitter:data1\" content=\"1 minut\u00eb\" \/>\n<script type=\"application\/ld+json\" class=\"yoast-schema-graph\">{\"@context\":\"https:\/\/schema.org\",\"@graph\":[{\"@type\":\"WebPage\",\"@id\":\"https:\/\/booksal.com\/index.php\/product\/adoleshenti\/\",\"url\":\"https:\/\/booksal.com\/index.php\/product\/adoleshenti\/\",\"name\":\"Adoleshenti - BOOKSAL Publishing House Fan Noli - publishing house in albania , shtepi botuese ne shqiperi , shtepia botuese fan Noli , Rexhep Hida\",\"isPartOf\":{\"@id\":\"https:\/\/booksal.com\/#website\"},\"primaryImageOfPage\":{\"@id\":\"https:\/\/booksal.com\/index.php\/product\/adoleshenti\/#primaryimage\"},\"image\":{\"@id\":\"https:\/\/booksal.com\/index.php\/product\/adoleshenti\/#primaryimage\"},\"thumbnailUrl\":\"https:\/\/booksal.com\/wp-content\/uploads\/2023\/09\/WhatsApp-Image-2023-09-30-at-2.10.38-PM.jpeg\",\"datePublished\":\"2023-09-30T12:05:34+00:00\",\"dateModified\":\"2023-09-30T12:10:56+00:00\",\"breadcrumb\":{\"@id\":\"https:\/\/booksal.com\/index.php\/product\/adoleshenti\/#breadcrumb\"},\"inLanguage\":\"sq\",\"potentialAction\":[{\"@type\":\"ReadAction\",\"target\":[\"https:\/\/booksal.com\/index.php\/product\/adoleshenti\/\"]}]},{\"@type\":\"ImageObject\",\"inLanguage\":\"sq\",\"@id\":\"https:\/\/booksal.com\/index.php\/product\/adoleshenti\/#primaryimage\",\"url\":\"https:\/\/booksal.com\/wp-content\/uploads\/2023\/09\/WhatsApp-Image-2023-09-30-at-2.10.38-PM.jpeg\",\"contentUrl\":\"https:\/\/booksal.com\/wp-content\/uploads\/2023\/09\/WhatsApp-Image-2023-09-30-at-2.10.38-PM.jpeg\",\"width\":1489,\"height\":1489},{\"@type\":\"BreadcrumbList\",\"@id\":\"https:\/\/booksal.com\/index.php\/product\/adoleshenti\/#breadcrumb\",\"itemListElement\":[{\"@type\":\"ListItem\",\"position\":1,\"name\":\"Home\",\"item\":\"https:\/\/booksal.com\/\"},{\"@type\":\"ListItem\",\"position\":2,\"name\":\"Shop\",\"item\":\"https:\/\/booksal.com\/index.php\/shop\/?lang=en\"},{\"@type\":\"ListItem\",\"position\":3,\"name\":\"Adoleshenti\"}]},{\"@type\":\"WebSite\",\"@id\":\"https:\/\/booksal.com\/#website\",\"url\":\"https:\/\/booksal.com\/\",\"name\":\"BOOKSAL Publishing House Fan Noli - publishing house in albania , shtepi botuese ne shqiperi , shtepia botuese fan Noli , Rexhep Hida\",\"description\":\"Publishing House Fan Noli - publishing house in albania , shtepi botuese ne shqiperi , shtepia botuese Fan Noli , Rexhep Hida\",\"potentialAction\":[{\"@type\":\"SearchAction\",\"target\":{\"@type\":\"EntryPoint\",\"urlTemplate\":\"https:\/\/booksal.com\/?s={search_term_string}\"},\"query-input\":{\"@type\":\"PropertyValueSpecification\",\"valueRequired\":true,\"valueName\":\"search_term_string\"}}],\"inLanguage\":\"sq\"}]}<\/script>\n<!-- \/ Yoast SEO plugin. -->","yoast_head_json":{"title":"Adoleshenti - BOOKSAL Publishing House Fan Noli - publishing house in albania , shtepi botuese ne shqiperi , shtepia botuese fan Noli , Rexhep Hida","robots":{"index":"index","follow":"follow","max-snippet":"max-snippet:-1","max-image-preview":"max-image-preview:large","max-video-preview":"max-video-preview:-1"},"canonical":"https:\/\/booksal.com\/index.php\/product\/adoleshenti\/","og_locale":"sq_AL","og_type":"article","og_title":"Adoleshenti - BOOKSAL Publishing House Fan Noli - publishing house in albania , shtepi botuese ne shqiperi , shtepia botuese fan Noli , Rexhep Hida","og_description":"Titulli : Adoleshenti Autori: Fjodor Dostojevski Botuesi : Fan Noli ISBN :\u00a0\u00a0978-9928-342-99-7 P\u00ebrkthyesi : Xhemile Zykaj","og_url":"https:\/\/booksal.com\/index.php\/product\/adoleshenti\/","og_site_name":"BOOKSAL Publishing House Fan Noli - publishing house in albania , shtepi botuese ne shqiperi , shtepia botuese fan Noli , Rexhep Hida","article_modified_time":"2023-09-30T12:10:56+00:00","og_image":[{"width":1489,"height":1489,"url":"https:\/\/booksal.com\/wp-content\/uploads\/2023\/09\/WhatsApp-Image-2023-09-30-at-2.10.38-PM.jpeg","type":"image\/jpeg"}],"twitter_card":"summary_large_image","twitter_misc":{"Est. reading time":"1 minut\u00eb"},"schema":{"@context":"https:\/\/schema.org","@graph":[{"@type":"WebPage","@id":"https:\/\/booksal.com\/index.php\/product\/adoleshenti\/","url":"https:\/\/booksal.com\/index.php\/product\/adoleshenti\/","name":"Adoleshenti - BOOKSAL Publishing House Fan Noli - publishing house in albania , shtepi botuese ne shqiperi , shtepia botuese fan Noli , Rexhep Hida","isPartOf":{"@id":"https:\/\/booksal.com\/#website"},"primaryImageOfPage":{"@id":"https:\/\/booksal.com\/index.php\/product\/adoleshenti\/#primaryimage"},"image":{"@id":"https:\/\/booksal.com\/index.php\/product\/adoleshenti\/#primaryimage"},"thumbnailUrl":"https:\/\/booksal.com\/wp-content\/uploads\/2023\/09\/WhatsApp-Image-2023-09-30-at-2.10.38-PM.jpeg","datePublished":"2023-09-30T12:05:34+00:00","dateModified":"2023-09-30T12:10:56+00:00","breadcrumb":{"@id":"https:\/\/booksal.com\/index.php\/product\/adoleshenti\/#breadcrumb"},"inLanguage":"sq","potentialAction":[{"@type":"ReadAction","target":["https:\/\/booksal.com\/index.php\/product\/adoleshenti\/"]}]},{"@type":"ImageObject","inLanguage":"sq","@id":"https:\/\/booksal.com\/index.php\/product\/adoleshenti\/#primaryimage","url":"https:\/\/booksal.com\/wp-content\/uploads\/2023\/09\/WhatsApp-Image-2023-09-30-at-2.10.38-PM.jpeg","contentUrl":"https:\/\/booksal.com\/wp-content\/uploads\/2023\/09\/WhatsApp-Image-2023-09-30-at-2.10.38-PM.jpeg","width":1489,"height":1489},{"@type":"BreadcrumbList","@id":"https:\/\/booksal.com\/index.php\/product\/adoleshenti\/#breadcrumb","itemListElement":[{"@type":"ListItem","position":1,"name":"Home","item":"https:\/\/booksal.com\/"},{"@type":"ListItem","position":2,"name":"Shop","item":"https:\/\/booksal.com\/index.php\/shop\/?lang=en"},{"@type":"ListItem","position":3,"name":"Adoleshenti"}]},{"@type":"WebSite","@id":"https:\/\/booksal.com\/#website","url":"https:\/\/booksal.com\/","name":"BOOKSAL Publishing House Fan Noli - publishing house in albania , shtepi botuese ne shqiperi , shtepia botuese fan Noli , Rexhep Hida","description":"Publishing House Fan Noli - publishing house in albania , shtepi botuese ne shqiperi , shtepia botuese Fan Noli , Rexhep Hida","potentialAction":[{"@type":"SearchAction","target":{"@type":"EntryPoint","urlTemplate":"https:\/\/booksal.com\/?s={search_term_string}"},"query-input":{"@type":"PropertyValueSpecification","valueRequired":true,"valueName":"search_term_string"}}],"inLanguage":"sq"}]}},"_links":{"self":[{"href":"https:\/\/booksal.com\/index.php\/wp-json\/wp\/v2\/product\/2032","targetHints":{"allow":["GET"]}}],"collection":[{"href":"https:\/\/booksal.com\/index.php\/wp-json\/wp\/v2\/product"}],"about":[{"href":"https:\/\/booksal.com\/index.php\/wp-json\/wp\/v2\/types\/product"}],"wp:featuredmedia":[{"embeddable":true,"href":"https:\/\/booksal.com\/index.php\/wp-json\/wp\/v2\/media\/2033"}],"wp:attachment":[{"href":"https:\/\/booksal.com\/index.php\/wp-json\/wp\/v2\/media?parent=2032"}],"wp:term":[{"taxonomy":"product_brand","embeddable":true,"href":"https:\/\/booksal.com\/index.php\/wp-json\/wp\/v2\/product_brand?post=2032"},{"taxonomy":"product_cat","embeddable":true,"href":"https:\/\/booksal.com\/index.php\/wp-json\/wp\/v2\/product_cat?post=2032"},{"taxonomy":"product_tag","embeddable":true,"href":"https:\/\/booksal.com\/index.php\/wp-json\/wp\/v2\/product_tag?post=2032"}],"curies":[{"name":"wp","href":"https:\/\/api.w.org\/{rel}","templated":true}]}}