{"id":837,"date":"2018-05-14T13:49:08","date_gmt":"2018-05-14T13:49:08","guid":{"rendered":"https:\/\/booksal.com\/?post_type=product&#038;p=837"},"modified":"2018-05-14T13:50:55","modified_gmt":"2018-05-14T13:50:55","slug":"pertej-roberise-se-iluzioneve","status":"publish","type":"product","link":"https:\/\/booksal.com\/index.php\/product\/pertej-roberise-se-iluzioneve\/","title":{"rendered":"P\u00ebrtej rob\u00ebris\u00eb s\u00eb iluzioneve"},"content":{"rendered":"","protected":false},"excerpt":{"rendered":"<p><strong>Titulli: <\/strong>P\u00ebrtej rob\u00ebris\u00eb s\u00eb iluzioneve.<strong><br \/>\n<\/strong><strong>Viti i botimit: <\/strong>2006<strong><br \/>\n<\/strong><strong>Autori: <\/strong>Erich Fromm<strong><br \/>\n<\/strong><strong>Botuesi: <\/strong>Fan Noli<strong><br \/>\n<\/strong><strong>ISBN: <\/strong>99943-918-3-6<strong><br \/>\n<\/strong><strong>Faqe: <\/strong>215<strong><br \/>\n<\/strong><strong>P\u00ebrkthyesi: <\/strong>Myfit Mushi<\/p>\n","protected":false},"featured_media":838,"template":"","meta":[],"product_brand":[],"product_cat":[24],"product_tag":[],"class_list":{"0":"post-837","1":"product","2":"type-product","3":"status-publish","4":"has-post-thumbnail","6":"product_cat-letersiaenciklopedike","7":"description-off","9":"first","10":"instock","11":"shipping-taxable","12":"product-type-simple"},"yoast_head":"<!-- This site is optimized with the Yoast SEO plugin v26.7 - https:\/\/yoast.com\/wordpress\/plugins\/seo\/ -->\n<title>P\u00ebrtej rob\u00ebris\u00eb s\u00eb iluzioneve - BOOKSAL Publishing House Fan Noli - publishing house in albania , shtepi botuese ne shqiperi , shtepia botuese fan Noli , Rexhep Hida<\/title>\n<meta name=\"robots\" content=\"index, follow, max-snippet:-1, max-image-preview:large, max-video-preview:-1\" \/>\n<link rel=\"canonical\" href=\"https:\/\/booksal.com\/index.php\/product\/pertej-roberise-se-iluzioneve\/\" \/>\n<meta property=\"og:locale\" content=\"sq_AL\" \/>\n<meta property=\"og:type\" content=\"article\" \/>\n<meta property=\"og:title\" content=\"P\u00ebrtej rob\u00ebris\u00eb s\u00eb iluzioneve - BOOKSAL Publishing House Fan Noli - publishing house in albania , shtepi botuese ne shqiperi , shtepia botuese fan Noli , Rexhep Hida\" \/>\n<meta property=\"og:description\" content=\"Titulli: P\u00ebrtej rob\u00ebris\u00eb s\u00eb iluzioneve. Viti i botimit: 2006 Autori: Erich Fromm Botuesi: Fan Noli ISBN: 99943-918-3-6 Faqe: 215 P\u00ebrkthyesi: Myfit Mushi\" \/>\n<meta property=\"og:url\" content=\"https:\/\/booksal.com\/index.php\/product\/pertej-roberise-se-iluzioneve\/\" \/>\n<meta property=\"og:site_name\" content=\"BOOKSAL Publishing House Fan Noli - publishing house in albania , shtepi botuese ne shqiperi , shtepia botuese fan Noli , Rexhep Hida\" \/>\n<meta property=\"article:modified_time\" content=\"2018-05-14T13:50:55+00:00\" \/>\n<meta property=\"og:image\" content=\"https:\/\/booksal.com\/wp-content\/uploads\/2018\/05\/hh.jpg\" \/>\n\t<meta property=\"og:image:width\" content=\"450\" \/>\n\t<meta property=\"og:image:height\" content=\"450\" \/>\n\t<meta property=\"og:image:type\" content=\"image\/jpeg\" \/>\n<meta name=\"twitter:card\" content=\"summary_large_image\" \/>\n<script type=\"application\/ld+json\" class=\"yoast-schema-graph\">{\"@context\":\"https:\/\/schema.org\",\"@graph\":[{\"@type\":\"WebPage\",\"@id\":\"https:\/\/booksal.com\/index.php\/product\/pertej-roberise-se-iluzioneve\/\",\"url\":\"https:\/\/booksal.com\/index.php\/product\/pertej-roberise-se-iluzioneve\/\",\"name\":\"P\u00ebrtej rob\u00ebris\u00eb s\u00eb iluzioneve - BOOKSAL Publishing House Fan Noli - publishing house in albania , shtepi botuese ne shqiperi , shtepia botuese fan Noli , Rexhep Hida\",\"isPartOf\":{\"@id\":\"https:\/\/booksal.com\/#website\"},\"primaryImageOfPage\":{\"@id\":\"https:\/\/booksal.com\/index.php\/product\/pertej-roberise-se-iluzioneve\/#primaryimage\"},\"image\":{\"@id\":\"https:\/\/booksal.com\/index.php\/product\/pertej-roberise-se-iluzioneve\/#primaryimage\"},\"thumbnailUrl\":\"https:\/\/booksal.com\/wp-content\/uploads\/2018\/05\/hh.jpg\",\"datePublished\":\"2018-05-14T13:49:08+00:00\",\"dateModified\":\"2018-05-14T13:50:55+00:00\",\"breadcrumb\":{\"@id\":\"https:\/\/booksal.com\/index.php\/product\/pertej-roberise-se-iluzioneve\/#breadcrumb\"},\"inLanguage\":\"sq\",\"potentialAction\":[{\"@type\":\"ReadAction\",\"target\":[\"https:\/\/booksal.com\/index.php\/product\/pertej-roberise-se-iluzioneve\/\"]}]},{\"@type\":\"ImageObject\",\"inLanguage\":\"sq\",\"@id\":\"https:\/\/booksal.com\/index.php\/product\/pertej-roberise-se-iluzioneve\/#primaryimage\",\"url\":\"https:\/\/booksal.com\/wp-content\/uploads\/2018\/05\/hh.jpg\",\"contentUrl\":\"https:\/\/booksal.com\/wp-content\/uploads\/2018\/05\/hh.jpg\",\"width\":450,\"height\":450},{\"@type\":\"BreadcrumbList\",\"@id\":\"https:\/\/booksal.com\/index.php\/product\/pertej-roberise-se-iluzioneve\/#breadcrumb\",\"itemListElement\":[{\"@type\":\"ListItem\",\"position\":1,\"name\":\"Home\",\"item\":\"https:\/\/booksal.com\/\"},{\"@type\":\"ListItem\",\"position\":2,\"name\":\"Shop\",\"item\":\"https:\/\/booksal.com\/index.php\/shop\/?lang=en\"},{\"@type\":\"ListItem\",\"position\":3,\"name\":\"P\u00ebrtej rob\u00ebris\u00eb s\u00eb iluzioneve\"}]},{\"@type\":\"WebSite\",\"@id\":\"https:\/\/booksal.com\/#website\",\"url\":\"https:\/\/booksal.com\/\",\"name\":\"BOOKSAL Publishing House Fan Noli - publishing house in albania , shtepi botuese ne shqiperi , shtepia botuese fan Noli , Rexhep Hida\",\"description\":\"Publishing House Fan Noli - publishing house in albania , shtepi botuese ne shqiperi , shtepia botuese Fan Noli , Rexhep Hida\",\"potentialAction\":[{\"@type\":\"SearchAction\",\"target\":{\"@type\":\"EntryPoint\",\"urlTemplate\":\"https:\/\/booksal.com\/?s={search_term_string}\"},\"query-input\":{\"@type\":\"PropertyValueSpecification\",\"valueRequired\":true,\"valueName\":\"search_term_string\"}}],\"inLanguage\":\"sq\"}]}<\/script>\n<!-- \/ Yoast SEO plugin. -->","yoast_head_json":{"title":"P\u00ebrtej rob\u00ebris\u00eb s\u00eb iluzioneve - BOOKSAL Publishing House Fan Noli - publishing house in albania , shtepi botuese ne shqiperi , shtepia botuese fan Noli , Rexhep Hida","robots":{"index":"index","follow":"follow","max-snippet":"max-snippet:-1","max-image-preview":"max-image-preview:large","max-video-preview":"max-video-preview:-1"},"canonical":"https:\/\/booksal.com\/index.php\/product\/pertej-roberise-se-iluzioneve\/","og_locale":"sq_AL","og_type":"article","og_title":"P\u00ebrtej rob\u00ebris\u00eb s\u00eb iluzioneve - BOOKSAL Publishing House Fan Noli - publishing house in albania , shtepi botuese ne shqiperi , shtepia botuese fan Noli , Rexhep Hida","og_description":"Titulli: P\u00ebrtej rob\u00ebris\u00eb s\u00eb iluzioneve. Viti i botimit: 2006 Autori: Erich Fromm Botuesi: Fan Noli ISBN: 99943-918-3-6 Faqe: 215 P\u00ebrkthyesi: Myfit Mushi","og_url":"https:\/\/booksal.com\/index.php\/product\/pertej-roberise-se-iluzioneve\/","og_site_name":"BOOKSAL Publishing House Fan Noli - publishing house in albania , shtepi botuese ne shqiperi , shtepia botuese fan Noli , Rexhep Hida","article_modified_time":"2018-05-14T13:50:55+00:00","og_image":[{"width":450,"height":450,"url":"https:\/\/booksal.com\/wp-content\/uploads\/2018\/05\/hh.jpg","type":"image\/jpeg"}],"twitter_card":"summary_large_image","schema":{"@context":"https:\/\/schema.org","@graph":[{"@type":"WebPage","@id":"https:\/\/booksal.com\/index.php\/product\/pertej-roberise-se-iluzioneve\/","url":"https:\/\/booksal.com\/index.php\/product\/pertej-roberise-se-iluzioneve\/","name":"P\u00ebrtej rob\u00ebris\u00eb s\u00eb iluzioneve - BOOKSAL Publishing House Fan Noli - publishing house in albania , shtepi botuese ne shqiperi , shtepia botuese fan Noli , Rexhep Hida","isPartOf":{"@id":"https:\/\/booksal.com\/#website"},"primaryImageOfPage":{"@id":"https:\/\/booksal.com\/index.php\/product\/pertej-roberise-se-iluzioneve\/#primaryimage"},"image":{"@id":"https:\/\/booksal.com\/index.php\/product\/pertej-roberise-se-iluzioneve\/#primaryimage"},"thumbnailUrl":"https:\/\/booksal.com\/wp-content\/uploads\/2018\/05\/hh.jpg","datePublished":"2018-05-14T13:49:08+00:00","dateModified":"2018-05-14T13:50:55+00:00","breadcrumb":{"@id":"https:\/\/booksal.com\/index.php\/product\/pertej-roberise-se-iluzioneve\/#breadcrumb"},"inLanguage":"sq","potentialAction":[{"@type":"ReadAction","target":["https:\/\/booksal.com\/index.php\/product\/pertej-roberise-se-iluzioneve\/"]}]},{"@type":"ImageObject","inLanguage":"sq","@id":"https:\/\/booksal.com\/index.php\/product\/pertej-roberise-se-iluzioneve\/#primaryimage","url":"https:\/\/booksal.com\/wp-content\/uploads\/2018\/05\/hh.jpg","contentUrl":"https:\/\/booksal.com\/wp-content\/uploads\/2018\/05\/hh.jpg","width":450,"height":450},{"@type":"BreadcrumbList","@id":"https:\/\/booksal.com\/index.php\/product\/pertej-roberise-se-iluzioneve\/#breadcrumb","itemListElement":[{"@type":"ListItem","position":1,"name":"Home","item":"https:\/\/booksal.com\/"},{"@type":"ListItem","position":2,"name":"Shop","item":"https:\/\/booksal.com\/index.php\/shop\/?lang=en"},{"@type":"ListItem","position":3,"name":"P\u00ebrtej rob\u00ebris\u00eb s\u00eb iluzioneve"}]},{"@type":"WebSite","@id":"https:\/\/booksal.com\/#website","url":"https:\/\/booksal.com\/","name":"BOOKSAL Publishing House Fan Noli - publishing house in albania , shtepi botuese ne shqiperi , shtepia botuese fan Noli , Rexhep Hida","description":"Publishing House Fan Noli - publishing house in albania , shtepi botuese ne shqiperi , shtepia botuese Fan Noli , Rexhep Hida","potentialAction":[{"@type":"SearchAction","target":{"@type":"EntryPoint","urlTemplate":"https:\/\/booksal.com\/?s={search_term_string}"},"query-input":{"@type":"PropertyValueSpecification","valueRequired":true,"valueName":"search_term_string"}}],"inLanguage":"sq"}]}},"_links":{"self":[{"href":"https:\/\/booksal.com\/index.php\/wp-json\/wp\/v2\/product\/837","targetHints":{"allow":["GET"]}}],"collection":[{"href":"https:\/\/booksal.com\/index.php\/wp-json\/wp\/v2\/product"}],"about":[{"href":"https:\/\/booksal.com\/index.php\/wp-json\/wp\/v2\/types\/product"}],"wp:featuredmedia":[{"embeddable":true,"href":"https:\/\/booksal.com\/index.php\/wp-json\/wp\/v2\/media\/838"}],"wp:attachment":[{"href":"https:\/\/booksal.com\/index.php\/wp-json\/wp\/v2\/media?parent=837"}],"wp:term":[{"taxonomy":"product_brand","embeddable":true,"href":"https:\/\/booksal.com\/index.php\/wp-json\/wp\/v2\/product_brand?post=837"},{"taxonomy":"product_cat","embeddable":true,"href":"https:\/\/booksal.com\/index.php\/wp-json\/wp\/v2\/product_cat?post=837"},{"taxonomy":"product_tag","embeddable":true,"href":"https:\/\/booksal.com\/index.php\/wp-json\/wp\/v2\/product_tag?post=837"}],"curies":[{"name":"wp","href":"https:\/\/api.w.org\/{rel}","templated":true}]}}